{"id":352,"date":"2020-09-05T16:14:15","date_gmt":"2020-09-05T16:14:15","guid":{"rendered":"https:\/\/www.manganesexenergycorp.com\/battery-hill-project\/"},"modified":"2021-08-31T08:48:41","modified_gmt":"2021-08-31T13:48:41","slug":"battery-hill-project","status":"publish","type":"page","link":"https:\/\/www.manganesexenergycorp.com\/de\/projekte\/battery-hill-project\/","title":{"rendered":"Projekt Battery Hill"},"content":{"rendered":"<div class=\"wpb-content-wrapper\"><p>[vc_section full_width=&#8220;stretch_row&#8220; css=&#8220;.vc_custom_1599345763773{padding-top: 0px !important;padding-bottom: 0px !important;background-color: #ececec !important;}&#8220;][vc_row full_width=&#8220;stretch_row&#8220; equal_height=&#8220;yes&#8220;][vc_column width=&#8220;1\/2&#8243; css=&#8220;.vc_custom_1599420765827{padding-top: 30px !important;padding-bottom: 30px !important;}&#8220; el_class=&#8220;content-column-left&#8220;]    <div class=\"breadcrumbs\" typeof=\"BreadcrumbList\" vocab=\"https:\/\/schema.org\/\">\n        <span property=\"itemListElement\" typeof=\"ListItem\"><a property=\"item\" typeof=\"WebPage\" title=\"Go to Manganese X Energy Corp..\" href=\"https:\/\/www.manganesexenergycorp.com\/de\/\" class=\"home\" ><span property=\"name\">Home<\/span><\/a><meta property=\"position\" content=\"1\"><\/span> &gt; <span property=\"itemListElement\" typeof=\"ListItem\"><a property=\"item\" typeof=\"WebPage\" title=\"Go to News.\" href=\"https:\/\/www.manganesexenergycorp.com\/de\/blog\/\" class=\"post-root post post-post\" aria-current=\"page\"><span property=\"name\">News<\/span><\/a><meta property=\"position\" content=\"2\"><\/span>    <\/div>\n    [vc_column_text]<\/p>\n<h2>Das Battery-Hill-Projekt<\/h2>\n<p>Das manganreiche Battery-Hill-Grundst\u00fcck von Manganese X Energy Corp. (MN) liegt in der kanadischen Provinz New Brunswick. Das Fraser Institute hat New Brunswick in Sachen Rechtssprechung eines der besten Bergbaugebiete in Kanada genannt.<\/p>\n<p>Das Gr\u00fcndst\u00fcck besteht aus 55 Claims \u00fcber 1228 Hektar verteilt und befindet sich ungef\u00e4hr f\u00fcnf Kilometer im Nordwesten von Woodstock, einer kleineren Ortschaft in Carlton County, im s\u00fcdwestlichen Teil von New Brunswick (klicken Sie auf die Karte unten, um sie in voller Gr\u00f6\u00dfe zu sehen). Es umfasst entweder alle oder Teile von 5 Zonen mit Mangan-\/Eisenvorkommen: Iron Ore Hill, Moody Hill, Sharpe Farm, Wakefield und Maple Hill. Bryan Way berichtete in seiner Masterarbeit \u00fcber die Manganvorkommen in Woodstock und Umgebung, dass es dort \u201eeine Reihe an B\u00e4ndererzformationen gibt, die zusammengerechnet die gr\u00f6\u00dfte Manganquelle in Nordamerika ergeben: ungef\u00e4hr 194 Millionen Tonnen\u201c.<\/p>\n<p>Perry MacKinnon, P.Geo, von Perry MacKinnon Consulting aus Skir Dhu in Nova Scotia, wurde von Manganese X Energy Corp. (MXE) zur Fertigstellung eines aktualisierten technischen Berichts gem\u00e4\u00df National Instrument 43-101 beauftragt. Das Thema: die vollst\u00e4ndig unternehmenseigenen Mangan-Eisen-Lagerst\u00e4tten (Mn-Fe) in der N\u00e4he von Woodstock, New Brunswick.<\/p>\n<h3><a href=\"\/wp-content\/uploads\/2021\/08\/MNX-43-101-Battery-Hill-Aug-2021.pdf\" target=\"_blank\" rel=\"noopener noreferrer\">Technischer Bericht 2021: Battery Hill<\/a><\/h3>\n<p>[\/vc_column_text][\/vc_column][vc_column width=&#8220;1\/2&#8243; el_class=&#8220;stretch-column-right&#8220;][vc_images_carousel images=&#8220;808,810,34,856,860,926&#8243; img_size=&#8220;full&#8220; wrap=&#8220;yes&#8220;][\/vc_column][\/vc_row][\/vc_section][vc_section full_width=&#8220;stretch_row&#8220; css=&#8220;.vc_custom_1599353391694{padding-top: 70px !important;padding-bottom: 20px !important;background-color: #2c5364 !important;}&#8220;][vc_row][vc_column width=&#8220;1\/2&#8243;][vc_column_text]<\/p>\n<h2><span style=\"color: #ffffff;\">Das Battery-Hill-Grundst\u00fcck: Eigenschaften und Daten<\/span><\/h2>\n<p><span style=\"color: #ffffff;\">Das Manganese-X-Grundst\u00fcck Battery Hill ist entlang der Nords\u00fcdachse ungef\u00e4hr 6 Kilometer lang und in Ostwestrichtung ca. 1,7 Kilometer breit. Das Grundst\u00fcck liegt neben dem Weiler Jacksonville und ist 5 Kilometer im Nordwesten von Woodstock, New Brunswick. In Kanada werden Erschlie\u00dfungslizenzen amtlich durchnummeriert und als offizielle Zahl \u00fcbergeben; daher werden sie vor Ort gerne als \u201eright number\u201c bezeichnet. Battery Hill hei\u00dft auf dem Papier eigentlich Jacksonville \u2013 f\u00fcr uns ist aber die \u201eright number\u201c: 5816.<\/span><\/p>\n<p><span style=\"color: #ffffff;\">Man erreicht unser Grundst\u00fcck mit dem Auto in etwas mehr als sieben Stunden. Von Montreal (Quebec) aus sind das 714 Kilometer in Richtung Osten. Mehr als 5200 Menschen leben in Woodstock, der n\u00e4chste Zug befindet sich in Houlton, Maine, das eine Einwohnerzahl von 6100 hat und ungef\u00e4hr 15 Kilometer s\u00fcdwestlich von unserem Grundst\u00fcck entfernt ist. Die am n\u00e4chsten liegende gr\u00f6\u00dfere Stadt ist Fredericton, die 95 Kilometer s\u00fcdlich liegt und 56\u00a0000 Einwohner hat. Woodstock und Fredericton sind beide durch den Trans Canada Highway miteinander verbunden. Vor Ort gibt es gibt eine asphaltierte Stra\u00dfe und einige Schotterstra\u00dfen in gutem Zustand, von denen aus man das Grundst\u00fcck erreichen kann. Die Route 95 ist eine zweispurige Autobahn, die mit der US-Interstate-95 verbunden ist, die von Woodstock nach Houlton f\u00fchrt und 3 Kilometer s\u00fcdlich des Grundst\u00fccks verl\u00e4uft. Die kanadisch-amerikanische Grenze liegt dabei etwa 12 Kilometer westlich. In der N\u00e4he des Grundst\u00fccks verlaufen au\u00dferdem wichtige Stromverbindungsleitungen, und es steht ausreichend Wasser zur Verf\u00fcgung.<\/span><\/p>\n<p><span style=\"color: #ffffff;\">Anfang 2016 hat Perry MacKinnon Consuting einen National Intrument Technical Report (NI\u00a043-101) \u00fcber die Manganvorkomen innerhalb des Erschlie\u00dfungsgenehmigungsgebiets 5816 in der N\u00e4he von Woodstock, New Brunswick, veranlasst. Der Anlass bestand darin eine umfassende unabh\u00e4ngige Bewertung des Manganpotenzials von Battery Hill vorzunehmen.<\/span>[\/vc_column_text][\/vc_column][vc_column width=&#8220;1\/2&#8243;][vc_single_image image=&#8220;353&#8243; img_size=&#8220;full&#8220;][\/vc_column][\/vc_row][vc_row][vc_column][vc_column_text]<span style=\"color: #ffffff;\">Der Bericht \u00fcberpr\u00fcft und diskutiert die Ergebnisse sowohl der historischen als auch der aktuellen Oberfl\u00e4chenarbeiten sowie der Bohrungen, die im Jahr 2011 durchgef\u00fchrt wurden. Die j\u00fcngste Feldforschungsarbeit wurde unter Aufsicht von Perry MacKinnon (P. Geo) durchgef\u00fchrt, der laut den NI-43-101-Bestimmungen als sogenannte Qualifizierte Person gilt. Die folgenden Informationen stellen eine Zusammenfassung seines technischen Berichts dar.<\/span><\/p>\n<p><span style=\"color: #ffffff;\">1836 wurde im Gebiet um Woodstock ein Eisen-Mangan-Lagerst\u00e4tte entdeckt, die ab 1848 fast 40 Jahre lang abgebaut wurde. MacKinnon berichtet, dass 70\u00a0000 Tonnen, die haupts\u00e4chlich aus einer mineralisierten Zone namens Iron Ore Hill stammen, abgebaut wurden. Das abgebaute Material wurde Berichten zufolge aufgrund seiner au\u00dfergew\u00f6hnlichen Qualit\u00e4t nach Gro\u00dfbritannien geschickt, um dann dort zur Panzerung von Kanonenbooten der Royal Navy verarbeitet zu werden.<\/span><\/p>\n<p><span style=\"color: #ffffff;\">Die Mangan-Eisen-Vorkommen um Woodstock herum sind Teil der fr\u00fchen silurischen Smyrna-Mills-Formation und stehen in Verbindung mit geb\u00e4nderten Eisenformationen innerhalb einer Abfolge von Schiefern, schluffigen Schiefern und Schluffsteinen (Way 2012; Kesavanathan et al. 2014). Die Smyrna-Mills-Formation geh\u00f6rt zu einer breiteren Sequenz von Sedimentgesteinen, die sich \u00fcber die US-Grenze bis in den Bundesstaat Maine erstreckt, wo sie \u00e4hnliche Ablagerungen beherbergt. In New Brunswick erstreckt sich dieses vorteilhafte \u00a0Gesteinspaket von Jacksontown aus (n\u00f6rdlich von Jacksonville) in Richtung S\u00fcden bis zur US-Grenze \u2013 \u00fcber eine Distanz von mehr als 20 Kilometern.<\/span><\/p>\n<p><span style=\"color: #ffffff;\">Das Battery-Hill-Grundst\u00fck von Manganese X beinhaltet von Norden bis S\u00fcden die Manganmineralisierungen in den Gebieten von Jacksontown bis Hartford, und auch die Vorkommen in Moody Hill, Sharpe Farm, Iron Ore Hill, Maple Hill und Wakefield in ihrer G\u00e4nze. Die j\u00fcngsten Bodenproben an der Oberfl\u00e4che sowie Bohrungen im Gebiet um Iron Ore Hill haben ergeben, dass Mangangehalte und M\u00e4chtigkeiten auf unserem Grundst\u00fcck auftreten, die von potenziellem wirtschaftlichen Interesse sind (MacKinnon 2016). Insbesondere das Diamantbohrloch GNB-11-3, das abseits der bekannten nahegelegenen Mineralisierung gebohrt wurde, durchteufte 57 Meter (Kernl\u00e4nge) mit 10,38\u00a0% Mn. Das weist darauf hin, dass auf dem Grundst\u00fcck \u00fcber die historisch bekannten Zonen hinaus weiteres Potenzial f\u00fcr zus\u00e4tzliche Manganzonen besteht.<\/span><\/p>\n<p><span style=\"color: #ffffff;\">Als 2011 eine Magnetometeruntersuchung durchgef\u00fchrt wurde, fand man zudem heraus, dass neben den bekannten Mineralvorkommen weitverbreitete Anomalien insbesondere am n\u00f6rdlichen Ende der Claims auftreten \u2013 dort wo eigentlich keine Vorkommen bekannt sind. Anhand der Untersuchung, den Oberfl\u00e4chensch\u00fcrfproben, den Schlitzprobenentnahmen und den NQ-Diamantbohrl\u00f6chern l\u00e4sst sich insgesamt sagen, dass wahrscheinlich signifikantes Potenzial f\u00fcr Manganvorkommen in weitl\u00e4ufigen Gebieten der Claims von Lizenz 5816 existiert. Diese Schlussfolgerung wird durch die Erschlie\u00dfung der Canadian Manganese Company (einem Tochterunternehmen von Minco PLC) bei der Lagerst\u00e4tte Plymouth best\u00e4tigt, die 2,5 bis 3 Kilometer s\u00fcdwestlich liegt und eine abgeleitete Mineralressource von 44,8 Millionen Tonnen mit einem Durchschnittsgehalt von 9,85\u00a0% Mn und 14,15\u00a0% Fe unter Anwendung eines unteren Mn-Cutoff-Gehalts von 3,5\u00a0% Mn ergeben hat (Kesavanathan et al. 2014). Dabei ist anzumerken, dass die Mn-Fe-Mineralisierung bei Plymouth in ihrer Art den in unserem Grundst\u00fcck identifizierten Zonen und Vorkommen \u00e4hnelt; dennoch gibt es keine Garantie, dass auf der Lizenz 5816 eine \u00e4hnliche Ressource identifiziert werden wird. Au\u00dferdem handelt es sich bei den abgeleiteten Mineralressourcen bei Plymouth nicht um Mineralreserven und es konnte somit keine wirtschaftliche Rentabilit\u00e4t nachgewiesen werden. Zudem gibt es auch keine Garantie, dass die Ressourcen bei zuk\u00fcnftigen Arbeiten in echte Reserven umgewandelt werden.<\/span><\/p>\n<p><span style=\"color: #ffffff;\">Drei der historisch wichtigsten Manganzonen (und mindestens zwei weitere Auftreten, die durch eine historische Erschlie\u00dfung entdeckt wurden) befinden sich auf dem Grundst\u00fcck Battery Hill von Manganese X. Sidwell (1957) hatte auf Basis von Oberfl\u00e4chenproben und begrenzten Bohrarbeiten und eine Beurteilung \u00fcber eine Reihe der Mangan-Eisen-Zonen im Woodstock-Raum durchgef\u00fchrt. Er listete die folgenden Mineralzonen auf, beginnend im S\u00fcden: Moody Hill, mit einer gesch\u00e4tzten potenziellen Menge von 9\u00a0072\u00a0000 Tonnen; Sharpe Farm, mit 7\u00a0257\u00a0000 Tonnen; und Iron Ore Hill, mit 22\u00a0680\u00a0000 Tonnen. Sidwell wies darauf hin, dass diese drei Zonen eine Reihe von Mineralgehalten zwischen 7,5\u00a0% und 10\u00a0% Mn mit einem gesch\u00e4tzten Durchschnittsgehalt von insgesamt 9\u00a0% Mn und 13\u00a0% Fe aufzeigen. Die von Sidwell vorgelegten Sch\u00e4tzungen der Gehalte und Tonnagen der mineralisierten Zonen basieren wie gesagt auf begrenzten Bohrungen, geophysikalischen Bodenuntersuchungen und einigen Oberfl\u00e4chenproben. Daher sind diese Sch\u00e4tzungen historischer Natur und sollten hinsichtlich der Vorkommensmenge nicht mehr als verl\u00e4sslich angesehen werden; sie geben jedoch einen Hinweis auf das Mineralisierungspotenzial der Zielzonen.<\/span><\/p>\n<p><span style=\"color: #ffffff;\">Auf Battery Hill wurden weitere Manganvorkommen n\u00f6rdlich der von Iron Ore Hill identifiziert. Maple Hill soll beispielsweise einen Gehalt von 13,88\u00a0% Eisen und 6,97\u00a0% Mangan aufweisen und liegt etwa 2 Kilometer n\u00f6rdlich von Iron Ore Hill. Das Wakefield-Vorkommen, das sich weitere 1,5 Kilometer n\u00f6rdlich von Maple Hill am \u00e4u\u00dfersten n\u00f6rdlichen Ende der Lizenz 5816 befindet, soll bei Probeentnahmen 20,85 % Eisen und 8,86 % Mangan ergeben haben.<\/span>[\/vc_column_text][\/vc_column][\/vc_row][\/vc_section][vc_section full_width=&#8220;stretch_row&#8220; css=&#8220;.vc_custom_1599550453736{padding-top: 60px !important;padding-bottom: 60px !important;}&#8220;][vc_row][vc_column][vc_column_text css=&#8220;.vc_custom_1599550518401{margin-bottom: 30px !important;}&#8220;]<\/p>\n<h2><strong>Blog<\/strong><\/h2>\n<p>[\/vc_column_text][vc_basic_grid post_type=&#8220;post&#8220; max_items=&#8220;3&#8243; item=&#8220;219&#8243; grid_id=&#8220;vc_gid:1630417700910-1920cde6-3386-10&#8243;][vc_btn title=&#8220;Alle Neuigkeiten&#8220; align=&#8220;center&#8220; link=&#8220;url:https%3A%2F%2Fwww.manganesexenergycorp.com%2Fde%2Fblog%2F|title:Alle%20Neuigkeiten&#8220; el_class=&#8220;btn-green&#8220; css=&#8220;.vc_custom_1600257915047{margin-top: 20px !important;}&#8220;][\/vc_column][\/vc_row][\/vc_section]<\/p>\n<\/div>","protected":false},"excerpt":{"rendered":"<p>[vc_section full_width=&#8220;stretch_row&#8220; css=&#8220;.vc_custom_1599345763773{padding-top: 0px !important;padding-bottom: 0px !important;background-color: #ececec !important;}&#8220;][vc_row full_width=&#8220;stretch_row&#8220; equal_height=&#8220;yes&#8220;][vc_column width=&#8220;1\/2&#8243; css=&#8220;.vc_custom_1599420765827{padding-top: 30px !important;padding-bottom: 30px !important;}&#8220; el_class=&#8220;content-column-left&#8220;][vc_column_text] Das Battery-Hill-Projekt Das manganreiche Battery-Hill-Grundst\u00fcck von Manganese X Energy Corp. (MN) liegt in der kanadischen Provinz New Brunswick. Das Fraser Institute hat New Brunswick in Sachen Rechtssprechung eines der besten Bergbaugebiete in Kanada genannt. Das Gr\u00fcndst\u00fcck besteht [&hellip;]<\/p>\n","protected":false},"author":1,"featured_media":354,"parent":379,"menu_order":0,"comment_status":"closed","ping_status":"closed","template":"","meta":{"_acf_changed":false,"footnotes":""},"class_list":["post-352","page","type-page","status-publish","has-post-thumbnail","hentry"],"acf":[],"yoast_head":"<!-- This site is optimized with the Yoast SEO plugin v27.4 - https:\/\/yoast.com\/product\/yoast-seo-wordpress\/ -->\n<title>Projekt Battery Hill &#8211; Manganese X Energy Corp.<\/title>\n<meta name=\"robots\" content=\"index, follow, max-snippet:-1, max-image-preview:large, max-video-preview:-1\" \/>\n<link rel=\"canonical\" href=\"https:\/\/www.manganesexenergycorp.com\/de\/projekte\/battery-hill-project\/\" \/>\n<meta property=\"og:locale\" content=\"de_DE\" \/>\n<meta property=\"og:type\" content=\"article\" \/>\n<meta property=\"og:title\" content=\"Projekt Battery Hill &#8211; Manganese X Energy Corp.\" \/>\n<meta property=\"og:description\" content=\"[vc_section full_width=&#8220;stretch_row&#8220; css=&#8220;.vc_custom_1599345763773{padding-top: 0px !important;padding-bottom: 0px !important;background-color: #ececec !important;}&#8220;][vc_row full_width=&#8220;stretch_row&#8220; equal_height=&#8220;yes&#8220;][vc_column width=&#8220;1\/2&#8243; css=&#8220;.vc_custom_1599420765827{padding-top: 30px !important;padding-bottom: 30px !important;}&#8220; el_class=&#8220;content-column-left&#8220;][vc_column_text] Das Battery-Hill-Projekt Das manganreiche Battery-Hill-Grundst\u00fcck von Manganese X Energy Corp. (MN) liegt in der kanadischen Provinz New Brunswick. Das Fraser Institute hat New Brunswick in Sachen Rechtssprechung eines der besten Bergbaugebiete in Kanada genannt. Das Gr\u00fcndst\u00fcck besteht [&hellip;]\" \/>\n<meta property=\"og:url\" content=\"https:\/\/www.manganesexenergycorp.com\/de\/projekte\/battery-hill-project\/\" \/>\n<meta property=\"og:site_name\" content=\"Manganese X Energy Corp.\" \/>\n<meta property=\"article:publisher\" content=\"https:\/\/www.facebook.com\/Manganese-X-Energy-Corp-102953664741689\/\" \/>\n<meta property=\"article:modified_time\" content=\"2021-08-31T13:48:41+00:00\" \/>\n<meta property=\"og:image\" content=\"https:\/\/www.manganesexenergycorp.com\/wp-content\/uploads\/2020\/09\/220af5_2b90cbf9352d47728e509d92baea7b6a_mv2_d_2592_1936_s_2.jpg\" \/>\n\t<meta property=\"og:image:width\" content=\"1280\" \/>\n\t<meta property=\"og:image:height\" content=\"956\" \/>\n\t<meta property=\"og:image:type\" content=\"image\/jpeg\" \/>\n<meta name=\"twitter:card\" content=\"summary_large_image\" \/>\n<meta name=\"twitter:site\" content=\"@XManganese\" \/>\n<meta name=\"twitter:label1\" content=\"Gesch\u00e4tzte Lesezeit\" \/>\n\t<meta name=\"twitter:data1\" content=\"6\u00a0Minuten\" \/>\n<script type=\"application\/ld+json\" class=\"yoast-schema-graph\">{\"@context\":\"https:\\\/\\\/schema.org\",\"@graph\":[{\"@type\":\"WebPage\",\"@id\":\"https:\\\/\\\/www.manganesexenergycorp.com\\\/de\\\/projekte\\\/battery-hill-project\\\/\",\"url\":\"https:\\\/\\\/www.manganesexenergycorp.com\\\/de\\\/projekte\\\/battery-hill-project\\\/\",\"name\":\"Projekt Battery Hill &#8211; Manganese X Energy Corp.\",\"isPartOf\":{\"@id\":\"https:\\\/\\\/www.manganesexenergycorp.com\\\/de\\\/#website\"},\"primaryImageOfPage\":{\"@id\":\"https:\\\/\\\/www.manganesexenergycorp.com\\\/de\\\/projekte\\\/battery-hill-project\\\/#primaryimage\"},\"image\":{\"@id\":\"https:\\\/\\\/www.manganesexenergycorp.com\\\/de\\\/projekte\\\/battery-hill-project\\\/#primaryimage\"},\"thumbnailUrl\":\"https:\\\/\\\/www.manganesexenergycorp.com\\\/wp-content\\\/uploads\\\/2020\\\/09\\\/220af5_2b90cbf9352d47728e509d92baea7b6a_mv2_d_2592_1936_s_2.jpg\",\"datePublished\":\"2020-09-05T16:14:15+00:00\",\"dateModified\":\"2021-08-31T13:48:41+00:00\",\"breadcrumb\":{\"@id\":\"https:\\\/\\\/www.manganesexenergycorp.com\\\/de\\\/projekte\\\/battery-hill-project\\\/#breadcrumb\"},\"inLanguage\":\"de\",\"potentialAction\":[{\"@type\":\"ReadAction\",\"target\":[\"https:\\\/\\\/www.manganesexenergycorp.com\\\/de\\\/projekte\\\/battery-hill-project\\\/\"]}]},{\"@type\":\"ImageObject\",\"inLanguage\":\"de\",\"@id\":\"https:\\\/\\\/www.manganesexenergycorp.com\\\/de\\\/projekte\\\/battery-hill-project\\\/#primaryimage\",\"url\":\"https:\\\/\\\/www.manganesexenergycorp.com\\\/wp-content\\\/uploads\\\/2020\\\/09\\\/220af5_2b90cbf9352d47728e509d92baea7b6a_mv2_d_2592_1936_s_2.jpg\",\"contentUrl\":\"https:\\\/\\\/www.manganesexenergycorp.com\\\/wp-content\\\/uploads\\\/2020\\\/09\\\/220af5_2b90cbf9352d47728e509d92baea7b6a_mv2_d_2592_1936_s_2.jpg\",\"width\":1280,\"height\":956},{\"@type\":\"BreadcrumbList\",\"@id\":\"https:\\\/\\\/www.manganesexenergycorp.com\\\/de\\\/projekte\\\/battery-hill-project\\\/#breadcrumb\",\"itemListElement\":[{\"@type\":\"ListItem\",\"position\":1,\"name\":\"Home\",\"item\":\"https:\\\/\\\/www.manganesexenergycorp.com\\\/de\\\/\"},{\"@type\":\"ListItem\",\"position\":2,\"name\":\"Projekte\",\"item\":\"https:\\\/\\\/www.manganesexenergycorp.com\\\/de\\\/projekte\\\/\"},{\"@type\":\"ListItem\",\"position\":3,\"name\":\"Projekt Battery Hill\"}]},{\"@type\":\"WebSite\",\"@id\":\"https:\\\/\\\/www.manganesexenergycorp.com\\\/de\\\/#website\",\"url\":\"https:\\\/\\\/www.manganesexenergycorp.com\\\/de\\\/\",\"name\":\"Manganese X Energy Corp.\",\"description\":\"Mining the Future\",\"publisher\":{\"@id\":\"https:\\\/\\\/www.manganesexenergycorp.com\\\/de\\\/#organization\"},\"potentialAction\":[{\"@type\":\"SearchAction\",\"target\":{\"@type\":\"EntryPoint\",\"urlTemplate\":\"https:\\\/\\\/www.manganesexenergycorp.com\\\/de\\\/?s={search_term_string}\"},\"query-input\":{\"@type\":\"PropertyValueSpecification\",\"valueRequired\":true,\"valueName\":\"search_term_string\"}}],\"inLanguage\":\"de\"},{\"@type\":\"Organization\",\"@id\":\"https:\\\/\\\/www.manganesexenergycorp.com\\\/de\\\/#organization\",\"name\":\"Manganese X Energy Corp.\",\"url\":\"https:\\\/\\\/www.manganesexenergycorp.com\\\/de\\\/\",\"logo\":{\"@type\":\"ImageObject\",\"inLanguage\":\"de\",\"@id\":\"https:\\\/\\\/www.manganesexenergycorp.com\\\/de\\\/#\\\/schema\\\/logo\\\/image\\\/\",\"url\":\"https:\\\/\\\/www.manganesexenergycorp.com\\\/wp-content\\\/uploads\\\/2020\\\/09\\\/logo-dark.png\",\"contentUrl\":\"https:\\\/\\\/www.manganesexenergycorp.com\\\/wp-content\\\/uploads\\\/2020\\\/09\\\/logo-dark.png\",\"width\":4000,\"height\":1920,\"caption\":\"Manganese X Energy Corp.\"},\"image\":{\"@id\":\"https:\\\/\\\/www.manganesexenergycorp.com\\\/de\\\/#\\\/schema\\\/logo\\\/image\\\/\"},\"sameAs\":[\"https:\\\/\\\/www.facebook.com\\\/Manganese-X-Energy-Corp-102953664741689\\\/\",\"https:\\\/\\\/x.com\\\/XManganese\",\"https:\\\/\\\/www.linkedin.com\\\/company\\\/manganese-x-energy-corp\",\"https:\\\/\\\/www.youtube.com\\\/channel\\\/UC3LFYdP23ZUX10xTUXmpIHA\"]}]}<\/script>\n<!-- \/ Yoast SEO plugin. -->","yoast_head_json":{"title":"Projekt Battery Hill &#8211; Manganese X Energy Corp.","robots":{"index":"index","follow":"follow","max-snippet":"max-snippet:-1","max-image-preview":"max-image-preview:large","max-video-preview":"max-video-preview:-1"},"canonical":"https:\/\/www.manganesexenergycorp.com\/de\/projekte\/battery-hill-project\/","og_locale":"de_DE","og_type":"article","og_title":"Projekt Battery Hill &#8211; Manganese X Energy Corp.","og_description":"[vc_section full_width=&#8220;stretch_row&#8220; css=&#8220;.vc_custom_1599345763773{padding-top: 0px !important;padding-bottom: 0px !important;background-color: #ececec !important;}&#8220;][vc_row full_width=&#8220;stretch_row&#8220; equal_height=&#8220;yes&#8220;][vc_column width=&#8220;1\/2&#8243; css=&#8220;.vc_custom_1599420765827{padding-top: 30px !important;padding-bottom: 30px !important;}&#8220; el_class=&#8220;content-column-left&#8220;][vc_column_text] Das Battery-Hill-Projekt Das manganreiche Battery-Hill-Grundst\u00fcck von Manganese X Energy Corp. (MN) liegt in der kanadischen Provinz New Brunswick. Das Fraser Institute hat New Brunswick in Sachen Rechtssprechung eines der besten Bergbaugebiete in Kanada genannt. Das Gr\u00fcndst\u00fcck besteht [&hellip;]","og_url":"https:\/\/www.manganesexenergycorp.com\/de\/projekte\/battery-hill-project\/","og_site_name":"Manganese X Energy Corp.","article_publisher":"https:\/\/www.facebook.com\/Manganese-X-Energy-Corp-102953664741689\/","article_modified_time":"2021-08-31T13:48:41+00:00","og_image":[{"width":1280,"height":956,"url":"https:\/\/www.manganesexenergycorp.com\/wp-content\/uploads\/2020\/09\/220af5_2b90cbf9352d47728e509d92baea7b6a_mv2_d_2592_1936_s_2.jpg","type":"image\/jpeg"}],"twitter_card":"summary_large_image","twitter_site":"@XManganese","twitter_misc":{"Gesch\u00e4tzte Lesezeit":"6\u00a0Minuten"},"schema":{"@context":"https:\/\/schema.org","@graph":[{"@type":"WebPage","@id":"https:\/\/www.manganesexenergycorp.com\/de\/projekte\/battery-hill-project\/","url":"https:\/\/www.manganesexenergycorp.com\/de\/projekte\/battery-hill-project\/","name":"Projekt Battery Hill &#8211; Manganese X Energy Corp.","isPartOf":{"@id":"https:\/\/www.manganesexenergycorp.com\/de\/#website"},"primaryImageOfPage":{"@id":"https:\/\/www.manganesexenergycorp.com\/de\/projekte\/battery-hill-project\/#primaryimage"},"image":{"@id":"https:\/\/www.manganesexenergycorp.com\/de\/projekte\/battery-hill-project\/#primaryimage"},"thumbnailUrl":"https:\/\/www.manganesexenergycorp.com\/wp-content\/uploads\/2020\/09\/220af5_2b90cbf9352d47728e509d92baea7b6a_mv2_d_2592_1936_s_2.jpg","datePublished":"2020-09-05T16:14:15+00:00","dateModified":"2021-08-31T13:48:41+00:00","breadcrumb":{"@id":"https:\/\/www.manganesexenergycorp.com\/de\/projekte\/battery-hill-project\/#breadcrumb"},"inLanguage":"de","potentialAction":[{"@type":"ReadAction","target":["https:\/\/www.manganesexenergycorp.com\/de\/projekte\/battery-hill-project\/"]}]},{"@type":"ImageObject","inLanguage":"de","@id":"https:\/\/www.manganesexenergycorp.com\/de\/projekte\/battery-hill-project\/#primaryimage","url":"https:\/\/www.manganesexenergycorp.com\/wp-content\/uploads\/2020\/09\/220af5_2b90cbf9352d47728e509d92baea7b6a_mv2_d_2592_1936_s_2.jpg","contentUrl":"https:\/\/www.manganesexenergycorp.com\/wp-content\/uploads\/2020\/09\/220af5_2b90cbf9352d47728e509d92baea7b6a_mv2_d_2592_1936_s_2.jpg","width":1280,"height":956},{"@type":"BreadcrumbList","@id":"https:\/\/www.manganesexenergycorp.com\/de\/projekte\/battery-hill-project\/#breadcrumb","itemListElement":[{"@type":"ListItem","position":1,"name":"Home","item":"https:\/\/www.manganesexenergycorp.com\/de\/"},{"@type":"ListItem","position":2,"name":"Projekte","item":"https:\/\/www.manganesexenergycorp.com\/de\/projekte\/"},{"@type":"ListItem","position":3,"name":"Projekt Battery Hill"}]},{"@type":"WebSite","@id":"https:\/\/www.manganesexenergycorp.com\/de\/#website","url":"https:\/\/www.manganesexenergycorp.com\/de\/","name":"Manganese X Energy Corp.","description":"Mining the Future","publisher":{"@id":"https:\/\/www.manganesexenergycorp.com\/de\/#organization"},"potentialAction":[{"@type":"SearchAction","target":{"@type":"EntryPoint","urlTemplate":"https:\/\/www.manganesexenergycorp.com\/de\/?s={search_term_string}"},"query-input":{"@type":"PropertyValueSpecification","valueRequired":true,"valueName":"search_term_string"}}],"inLanguage":"de"},{"@type":"Organization","@id":"https:\/\/www.manganesexenergycorp.com\/de\/#organization","name":"Manganese X Energy Corp.","url":"https:\/\/www.manganesexenergycorp.com\/de\/","logo":{"@type":"ImageObject","inLanguage":"de","@id":"https:\/\/www.manganesexenergycorp.com\/de\/#\/schema\/logo\/image\/","url":"https:\/\/www.manganesexenergycorp.com\/wp-content\/uploads\/2020\/09\/logo-dark.png","contentUrl":"https:\/\/www.manganesexenergycorp.com\/wp-content\/uploads\/2020\/09\/logo-dark.png","width":4000,"height":1920,"caption":"Manganese X Energy Corp."},"image":{"@id":"https:\/\/www.manganesexenergycorp.com\/de\/#\/schema\/logo\/image\/"},"sameAs":["https:\/\/www.facebook.com\/Manganese-X-Energy-Corp-102953664741689\/","https:\/\/x.com\/XManganese","https:\/\/www.linkedin.com\/company\/manganese-x-energy-corp","https:\/\/www.youtube.com\/channel\/UC3LFYdP23ZUX10xTUXmpIHA"]}]}},"_links":{"self":[{"href":"https:\/\/www.manganesexenergycorp.com\/de\/wp-json\/wp\/v2\/pages\/352","targetHints":{"allow":["GET"]}}],"collection":[{"href":"https:\/\/www.manganesexenergycorp.com\/de\/wp-json\/wp\/v2\/pages"}],"about":[{"href":"https:\/\/www.manganesexenergycorp.com\/de\/wp-json\/wp\/v2\/types\/page"}],"author":[{"embeddable":true,"href":"https:\/\/www.manganesexenergycorp.com\/de\/wp-json\/wp\/v2\/users\/1"}],"replies":[{"embeddable":true,"href":"https:\/\/www.manganesexenergycorp.com\/de\/wp-json\/wp\/v2\/comments?post=352"}],"version-history":[{"count":4,"href":"https:\/\/www.manganesexenergycorp.com\/de\/wp-json\/wp\/v2\/pages\/352\/revisions"}],"predecessor-version":[{"id":2824,"href":"https:\/\/www.manganesexenergycorp.com\/de\/wp-json\/wp\/v2\/pages\/352\/revisions\/2824"}],"up":[{"embeddable":true,"href":"https:\/\/www.manganesexenergycorp.com\/de\/wp-json\/wp\/v2\/pages\/379"}],"wp:featuredmedia":[{"embeddable":true,"href":"https:\/\/www.manganesexenergycorp.com\/de\/wp-json\/wp\/v2\/media\/354"}],"wp:attachment":[{"href":"https:\/\/www.manganesexenergycorp.com\/de\/wp-json\/wp\/v2\/media?parent=352"}],"curies":[{"name":"wp","href":"https:\/\/api.w.org\/{rel}","templated":true}]}}