{"id":367,"date":"2020-09-08T12:36:06","date_gmt":"2020-09-08T12:36:06","guid":{"rendered":"https:\/\/www.manganesexenergycorp.com\/lac-aux-bouleaux-graphite-property\/"},"modified":"2021-02-21T04:14:02","modified_gmt":"2021-02-21T09:14:02","slug":"lac-aux-bouleaux-graphite-property","status":"publish","type":"page","link":"https:\/\/www.manganesexenergycorp.com\/de\/projekte\/lac-aux-bouleaux-graphite-property\/","title":{"rendered":"Graphitgrundst\u00fcck Lac aux Bouleaux"},"content":{"rendered":"<div class=\"wpb-content-wrapper\"><p>[vc_section full_width=&#8220;stretch_row&#8220; css=&#8220;.vc_custom_1599345763773{padding-top: 0px !important;padding-bottom: 0px !important;background-color: #ececec !important;}&#8220;][vc_row full_width=&#8220;stretch_row&#8220; equal_height=&#8220;yes&#8220; css=&#8220;.vc_custom_1600079628693{padding-bottom: 50% !important;}&#8220;][vc_column width=&#8220;1\/2&#8243; css=&#8220;.vc_custom_1599420765827{padding-top: 30px !important;padding-bottom: 30px !important;}&#8220; el_class=&#8220;content-column-left&#8220;]    <div class=\"breadcrumbs\" typeof=\"BreadcrumbList\" vocab=\"https:\/\/schema.org\/\">\n        <span property=\"itemListElement\" typeof=\"ListItem\"><a property=\"item\" typeof=\"WebPage\" title=\"Go to Manganese X Energy Corp..\" href=\"https:\/\/www.manganesexenergycorp.com\/de\/\" class=\"home\" ><span property=\"name\">Home<\/span><\/a><meta property=\"position\" content=\"1\"><\/span> &gt; <span property=\"itemListElement\" typeof=\"ListItem\"><a property=\"item\" typeof=\"WebPage\" title=\"Go to News.\" href=\"https:\/\/www.manganesexenergycorp.com\/de\/blog\/\" class=\"post-root post post-post\" aria-current=\"page\"><span property=\"name\">News<\/span><\/a><meta property=\"position\" content=\"2\"><\/span>    <\/div>\n    [vc_column_text]<\/p>\n<h2>Das Lac-aux-Bouleaux-Graphitgrundst\u00fcck<\/h2>\n<p>LAB besteht aus 14 Mineralien-Claims, die sich in einem zusammenh\u00e4ngenden Block \u00fcber insgesamt 738,12 Hektar Land erstrecken und sich auf NTS 31J05 in der N\u00e4he der Stadt Mont-Laurier im S\u00fcden Qu\u00e9becs befinden. Unser Unternehmen erwarb eine hundertprozentige Beteiligung an LAB im Rahmen einer Vereinbarung vom 24. Juni 2019 (vorbehaltlich einer Lizenzgeb\u00fchr von 2 kanadischen Dollar pro Tonne an den Verk\u00e4ufer), indem es 10 000 US-Dollar in bar bezahlte und Aktien im Wert von 40 000 Dollar ausgab.<\/p>\n<p>Das Gr\u00fcndst\u00fcck liegt auf pr\u00e4kambrischen Gesteinen der Grenville-Reihe und besteht aus einem Gemisch von quarz-, feldspat- und granathaltigem Paragneis und Kalkstein-\/Marmorbetten. Die Quarzite stellen dabei den geringsten Anteil der Reihe dar. Das Magmagestein, das in die Metasedimentfolge eingedrungen ist, besteht aus Gabbros, Monzoniten, Anorthositen und Diabas. Allgemein l\u00e4sst sich sagen, dass das Paragneiss fein- bis mittelk\u00f6rnig vertreten ist und aus Gneiszusammensetzungen wie zum Beispiel mit Quarz, Feldspat, Biotit, Biotit-Granat, Biotit-Granat-Silliminit und Biotit-Hornblende besteht. All diese Kompositionsvariationen haben dabei auch einen Anteil von etwas Graphit. Schmale Quarzitbetten (30 cm) sind stellenweise mit Biotit-Granat-Gneisen versetzt. Quarzit, der in d\u00fcnnen Schichten gefunden wird, enth\u00e4lt Verunreinigungen wie Feldspat\/Mikrokline, Biotit, Hornblende, Granat und Graphit und gibt dem Gestein insgesamt seine Farbe, die wei\u00df, grau, blaugrau oder rosagrau sein kann. Marmor kommt auch als d\u00fcnnes Bett mit einer Dicke von bis zu 1,5 Metern vor und besteht meistens aus mittelk\u00f6rnigem kristallinen Kalkstein. \u00c4hnlich wie der Quarzit enth\u00e4lt er ebenfalls Verunreinigungen wie Phlogopit, Graphit oder Serpentin. Zudem lassen sich im Paragneis gneisartige B\u00e4nder aus Amphibolit finden, die haupts\u00e4chlich aus schwarzer oder gr\u00fcner Hornblende, Biotit und Plagioklas bestehen. Diese sind meist mittelk\u00f6rnige Gesteine und weisen eine Textur auf, die Salz und Pfeffer nicht un\u00e4hnlich ist. In den s\u00fcdlichen Teilen des Grundst\u00fccks kommen gabbroische Gesteine kommen vor, die haupts\u00e4chlich aus Feldspat und Hornblende bestehen. Die auf dem Grundst\u00fcck durchgef\u00fchrten Lithologien nach Grenville sind haupts\u00e4chlich in Ost-West-Richtung verlaufende Diabasdeiche, die dunkelgrau bis dunkelgr\u00fcngrau erscheinen und ins Paragneisgestein eindringen. Diese unkonsolidierten oberfl\u00e4chlichen Ablagerungen haben einen glazialen, fluvialen und lakustrinen Ursprung und bedecken einen gro\u00dfen Bereich des Grundst\u00fccks und der umliegenden Region.<\/p>\n<p>LAB liegt s\u00fcdlich von TIMCALs Graphitmine Lac-des-Iles in Qu\u00e9bec, die selbst als Spitzenmine bekannt ist und j\u00e4hrlich 25 000 Tonnen Graphit produziert. In der Umgebung gibt es mehrere Graphitvorkommen und stillgelegte Minen. Graphit kommt in den Gesteinen der Provinz Grenville in dieser Region h\u00e4ufig vor und wurde in einer Reihe von Lagerst\u00e4tten zwischen Mount-Laurier im Norden und dem Ottawa River im S\u00fcden kommerziell abgebaut.<\/p>\n<h3 class=\"font_8\"><a href=\"\/wp-content\/uploads\/2020\/11\/Lac-Aux-Bouleaux-Technical-Report_GRAPHANO_-Nov-2020_V1.pdf\" target=\"_blank\" rel=\"noopener noreferrer\" data-anchor=\"dataItem-kcyuhogr\">Technischer Bericht: Lac Aux Bouleaux<\/a><\/h3>\n<p>[\/vc_column_text][\/vc_column][vc_column width=&#8220;1\/2&#8243; el_class=&#8220;stretch-column-right&#8220;][vc_images_carousel images=&#8220;803,946,948,798&#8243; img_size=&#8220;full&#8220; wrap=&#8220;yes&#8220;][\/vc_column][\/vc_row][\/vc_section][vc_section full_width=&#8220;stretch_row&#8220; css=&#8220;.vc_custom_1599550453736{padding-top: 60px !important;padding-bottom: 60px !important;}&#8220;][vc_row][vc_column][vc_column_text css=&#8220;.vc_custom_1599550518401{margin-bottom: 30px !important;}&#8220;]<\/p>\n<h2><strong>Blog<\/strong><\/h2>\n<p>[\/vc_column_text][vc_basic_grid post_type=&#8220;post&#8220; max_items=&#8220;3&#8243; item=&#8220;219&#8243; grid_id=&#8220;vc_gid:1613898826318-ab443511-a813-1&#8243;][vc_btn title=&#8220;Alle Neuigkeiten&#8220; align=&#8220;center&#8220; link=&#8220;url:https%3A%2F%2Fwww.manganesexenergycorp.com%2Fde%2Fblog%2F|title:Alle%20Neuigkeiten&#8220; el_class=&#8220;btn-green&#8220; css=&#8220;.vc_custom_1600257915047{margin-top: 20px !important;}&#8220;][\/vc_column][\/vc_row][\/vc_section]<\/p>\n<\/div>","protected":false},"excerpt":{"rendered":"<p>[vc_section full_width=&#8220;stretch_row&#8220; css=&#8220;.vc_custom_1599345763773{padding-top: 0px !important;padding-bottom: 0px !important;background-color: #ececec !important;}&#8220;][vc_row full_width=&#8220;stretch_row&#8220; equal_height=&#8220;yes&#8220; css=&#8220;.vc_custom_1600079628693{padding-bottom: 50% !important;}&#8220;][vc_column width=&#8220;1\/2&#8243; css=&#8220;.vc_custom_1599420765827{padding-top: 30px !important;padding-bottom: 30px !important;}&#8220; el_class=&#8220;content-column-left&#8220;][vc_column_text] Das Lac-aux-Bouleaux-Graphitgrundst\u00fcck LAB besteht aus 14 Mineralien-Claims, die sich in einem zusammenh\u00e4ngenden Block \u00fcber insgesamt 738,12 Hektar Land erstrecken und sich auf NTS 31J05 in der N\u00e4he der Stadt Mont-Laurier im S\u00fcden Qu\u00e9becs befinden. [&hellip;]<\/p>\n","protected":false},"author":1,"featured_media":354,"parent":379,"menu_order":0,"comment_status":"closed","ping_status":"closed","template":"","meta":{"_acf_changed":false,"footnotes":""},"class_list":["post-367","page","type-page","status-publish","has-post-thumbnail","hentry"],"acf":[],"yoast_head":"<!-- This site is optimized with the Yoast SEO plugin v27.4 - https:\/\/yoast.com\/product\/yoast-seo-wordpress\/ -->\n<title>Graphitgrundst\u00fcck Lac aux Bouleaux &#8211; Manganese X Energy Corp.<\/title>\n<meta name=\"robots\" content=\"index, follow, max-snippet:-1, max-image-preview:large, max-video-preview:-1\" \/>\n<link rel=\"canonical\" href=\"https:\/\/www.manganesexenergycorp.com\/de\/projekte\/lac-aux-bouleaux-graphite-property\/\" \/>\n<meta property=\"og:locale\" content=\"de_DE\" \/>\n<meta property=\"og:type\" content=\"article\" \/>\n<meta property=\"og:title\" content=\"Graphitgrundst\u00fcck Lac aux Bouleaux &#8211; Manganese X Energy Corp.\" \/>\n<meta property=\"og:description\" content=\"[vc_section full_width=&#8220;stretch_row&#8220; css=&#8220;.vc_custom_1599345763773{padding-top: 0px !important;padding-bottom: 0px !important;background-color: #ececec !important;}&#8220;][vc_row full_width=&#8220;stretch_row&#8220; equal_height=&#8220;yes&#8220; css=&#8220;.vc_custom_1600079628693{padding-bottom: 50% !important;}&#8220;][vc_column width=&#8220;1\/2&#8243; css=&#8220;.vc_custom_1599420765827{padding-top: 30px !important;padding-bottom: 30px !important;}&#8220; el_class=&#8220;content-column-left&#8220;][vc_column_text] Das Lac-aux-Bouleaux-Graphitgrundst\u00fcck LAB besteht aus 14 Mineralien-Claims, die sich in einem zusammenh\u00e4ngenden Block \u00fcber insgesamt 738,12 Hektar Land erstrecken und sich auf NTS 31J05 in der N\u00e4he der Stadt Mont-Laurier im S\u00fcden Qu\u00e9becs befinden. [&hellip;]\" \/>\n<meta property=\"og:url\" content=\"https:\/\/www.manganesexenergycorp.com\/de\/projekte\/lac-aux-bouleaux-graphite-property\/\" \/>\n<meta property=\"og:site_name\" content=\"Manganese X Energy Corp.\" \/>\n<meta property=\"article:publisher\" content=\"https:\/\/www.facebook.com\/Manganese-X-Energy-Corp-102953664741689\/\" \/>\n<meta property=\"article:modified_time\" content=\"2021-02-21T09:14:02+00:00\" \/>\n<meta property=\"og:image\" content=\"https:\/\/www.manganesexenergycorp.com\/wp-content\/uploads\/2020\/09\/220af5_2b90cbf9352d47728e509d92baea7b6a_mv2_d_2592_1936_s_2.jpg\" \/>\n\t<meta property=\"og:image:width\" content=\"1280\" \/>\n\t<meta property=\"og:image:height\" content=\"956\" \/>\n\t<meta property=\"og:image:type\" content=\"image\/jpeg\" \/>\n<meta name=\"twitter:card\" content=\"summary_large_image\" \/>\n<meta name=\"twitter:site\" content=\"@XManganese\" \/>\n<meta name=\"twitter:label1\" content=\"Gesch\u00e4tzte Lesezeit\" \/>\n\t<meta name=\"twitter:data1\" content=\"3\u00a0Minuten\" \/>\n<script type=\"application\/ld+json\" class=\"yoast-schema-graph\">{\"@context\":\"https:\\\/\\\/schema.org\",\"@graph\":[{\"@type\":\"WebPage\",\"@id\":\"https:\\\/\\\/www.manganesexenergycorp.com\\\/de\\\/projekte\\\/lac-aux-bouleaux-graphite-property\\\/\",\"url\":\"https:\\\/\\\/www.manganesexenergycorp.com\\\/de\\\/projekte\\\/lac-aux-bouleaux-graphite-property\\\/\",\"name\":\"Graphitgrundst\u00fcck Lac aux Bouleaux &#8211; Manganese X Energy Corp.\",\"isPartOf\":{\"@id\":\"https:\\\/\\\/www.manganesexenergycorp.com\\\/de\\\/#website\"},\"primaryImageOfPage\":{\"@id\":\"https:\\\/\\\/www.manganesexenergycorp.com\\\/de\\\/projekte\\\/lac-aux-bouleaux-graphite-property\\\/#primaryimage\"},\"image\":{\"@id\":\"https:\\\/\\\/www.manganesexenergycorp.com\\\/de\\\/projekte\\\/lac-aux-bouleaux-graphite-property\\\/#primaryimage\"},\"thumbnailUrl\":\"https:\\\/\\\/www.manganesexenergycorp.com\\\/wp-content\\\/uploads\\\/2020\\\/09\\\/220af5_2b90cbf9352d47728e509d92baea7b6a_mv2_d_2592_1936_s_2.jpg\",\"datePublished\":\"2020-09-08T12:36:06+00:00\",\"dateModified\":\"2021-02-21T09:14:02+00:00\",\"breadcrumb\":{\"@id\":\"https:\\\/\\\/www.manganesexenergycorp.com\\\/de\\\/projekte\\\/lac-aux-bouleaux-graphite-property\\\/#breadcrumb\"},\"inLanguage\":\"de\",\"potentialAction\":[{\"@type\":\"ReadAction\",\"target\":[\"https:\\\/\\\/www.manganesexenergycorp.com\\\/de\\\/projekte\\\/lac-aux-bouleaux-graphite-property\\\/\"]}]},{\"@type\":\"ImageObject\",\"inLanguage\":\"de\",\"@id\":\"https:\\\/\\\/www.manganesexenergycorp.com\\\/de\\\/projekte\\\/lac-aux-bouleaux-graphite-property\\\/#primaryimage\",\"url\":\"https:\\\/\\\/www.manganesexenergycorp.com\\\/wp-content\\\/uploads\\\/2020\\\/09\\\/220af5_2b90cbf9352d47728e509d92baea7b6a_mv2_d_2592_1936_s_2.jpg\",\"contentUrl\":\"https:\\\/\\\/www.manganesexenergycorp.com\\\/wp-content\\\/uploads\\\/2020\\\/09\\\/220af5_2b90cbf9352d47728e509d92baea7b6a_mv2_d_2592_1936_s_2.jpg\",\"width\":1280,\"height\":956},{\"@type\":\"BreadcrumbList\",\"@id\":\"https:\\\/\\\/www.manganesexenergycorp.com\\\/de\\\/projekte\\\/lac-aux-bouleaux-graphite-property\\\/#breadcrumb\",\"itemListElement\":[{\"@type\":\"ListItem\",\"position\":1,\"name\":\"Home\",\"item\":\"https:\\\/\\\/www.manganesexenergycorp.com\\\/de\\\/\"},{\"@type\":\"ListItem\",\"position\":2,\"name\":\"Projekte\",\"item\":\"https:\\\/\\\/www.manganesexenergycorp.com\\\/de\\\/projekte\\\/\"},{\"@type\":\"ListItem\",\"position\":3,\"name\":\"Graphitgrundst\u00fcck Lac aux Bouleaux\"}]},{\"@type\":\"WebSite\",\"@id\":\"https:\\\/\\\/www.manganesexenergycorp.com\\\/de\\\/#website\",\"url\":\"https:\\\/\\\/www.manganesexenergycorp.com\\\/de\\\/\",\"name\":\"Manganese X Energy Corp.\",\"description\":\"Mining the Future\",\"publisher\":{\"@id\":\"https:\\\/\\\/www.manganesexenergycorp.com\\\/de\\\/#organization\"},\"potentialAction\":[{\"@type\":\"SearchAction\",\"target\":{\"@type\":\"EntryPoint\",\"urlTemplate\":\"https:\\\/\\\/www.manganesexenergycorp.com\\\/de\\\/?s={search_term_string}\"},\"query-input\":{\"@type\":\"PropertyValueSpecification\",\"valueRequired\":true,\"valueName\":\"search_term_string\"}}],\"inLanguage\":\"de\"},{\"@type\":\"Organization\",\"@id\":\"https:\\\/\\\/www.manganesexenergycorp.com\\\/de\\\/#organization\",\"name\":\"Manganese X Energy Corp.\",\"url\":\"https:\\\/\\\/www.manganesexenergycorp.com\\\/de\\\/\",\"logo\":{\"@type\":\"ImageObject\",\"inLanguage\":\"de\",\"@id\":\"https:\\\/\\\/www.manganesexenergycorp.com\\\/de\\\/#\\\/schema\\\/logo\\\/image\\\/\",\"url\":\"https:\\\/\\\/www.manganesexenergycorp.com\\\/wp-content\\\/uploads\\\/2020\\\/09\\\/logo-dark.png\",\"contentUrl\":\"https:\\\/\\\/www.manganesexenergycorp.com\\\/wp-content\\\/uploads\\\/2020\\\/09\\\/logo-dark.png\",\"width\":4000,\"height\":1920,\"caption\":\"Manganese X Energy Corp.\"},\"image\":{\"@id\":\"https:\\\/\\\/www.manganesexenergycorp.com\\\/de\\\/#\\\/schema\\\/logo\\\/image\\\/\"},\"sameAs\":[\"https:\\\/\\\/www.facebook.com\\\/Manganese-X-Energy-Corp-102953664741689\\\/\",\"https:\\\/\\\/x.com\\\/XManganese\",\"https:\\\/\\\/www.linkedin.com\\\/company\\\/manganese-x-energy-corp\",\"https:\\\/\\\/www.youtube.com\\\/channel\\\/UC3LFYdP23ZUX10xTUXmpIHA\"]}]}<\/script>\n<!-- \/ Yoast SEO plugin. -->","yoast_head_json":{"title":"Graphitgrundst\u00fcck Lac aux Bouleaux &#8211; Manganese X Energy Corp.","robots":{"index":"index","follow":"follow","max-snippet":"max-snippet:-1","max-image-preview":"max-image-preview:large","max-video-preview":"max-video-preview:-1"},"canonical":"https:\/\/www.manganesexenergycorp.com\/de\/projekte\/lac-aux-bouleaux-graphite-property\/","og_locale":"de_DE","og_type":"article","og_title":"Graphitgrundst\u00fcck Lac aux Bouleaux &#8211; Manganese X Energy Corp.","og_description":"[vc_section full_width=&#8220;stretch_row&#8220; css=&#8220;.vc_custom_1599345763773{padding-top: 0px !important;padding-bottom: 0px !important;background-color: #ececec !important;}&#8220;][vc_row full_width=&#8220;stretch_row&#8220; equal_height=&#8220;yes&#8220; css=&#8220;.vc_custom_1600079628693{padding-bottom: 50% !important;}&#8220;][vc_column width=&#8220;1\/2&#8243; css=&#8220;.vc_custom_1599420765827{padding-top: 30px !important;padding-bottom: 30px !important;}&#8220; el_class=&#8220;content-column-left&#8220;][vc_column_text] Das Lac-aux-Bouleaux-Graphitgrundst\u00fcck LAB besteht aus 14 Mineralien-Claims, die sich in einem zusammenh\u00e4ngenden Block \u00fcber insgesamt 738,12 Hektar Land erstrecken und sich auf NTS 31J05 in der N\u00e4he der Stadt Mont-Laurier im S\u00fcden Qu\u00e9becs befinden. [&hellip;]","og_url":"https:\/\/www.manganesexenergycorp.com\/de\/projekte\/lac-aux-bouleaux-graphite-property\/","og_site_name":"Manganese X Energy Corp.","article_publisher":"https:\/\/www.facebook.com\/Manganese-X-Energy-Corp-102953664741689\/","article_modified_time":"2021-02-21T09:14:02+00:00","og_image":[{"width":1280,"height":956,"url":"https:\/\/www.manganesexenergycorp.com\/wp-content\/uploads\/2020\/09\/220af5_2b90cbf9352d47728e509d92baea7b6a_mv2_d_2592_1936_s_2.jpg","type":"image\/jpeg"}],"twitter_card":"summary_large_image","twitter_site":"@XManganese","twitter_misc":{"Gesch\u00e4tzte Lesezeit":"3\u00a0Minuten"},"schema":{"@context":"https:\/\/schema.org","@graph":[{"@type":"WebPage","@id":"https:\/\/www.manganesexenergycorp.com\/de\/projekte\/lac-aux-bouleaux-graphite-property\/","url":"https:\/\/www.manganesexenergycorp.com\/de\/projekte\/lac-aux-bouleaux-graphite-property\/","name":"Graphitgrundst\u00fcck Lac aux Bouleaux &#8211; Manganese X Energy Corp.","isPartOf":{"@id":"https:\/\/www.manganesexenergycorp.com\/de\/#website"},"primaryImageOfPage":{"@id":"https:\/\/www.manganesexenergycorp.com\/de\/projekte\/lac-aux-bouleaux-graphite-property\/#primaryimage"},"image":{"@id":"https:\/\/www.manganesexenergycorp.com\/de\/projekte\/lac-aux-bouleaux-graphite-property\/#primaryimage"},"thumbnailUrl":"https:\/\/www.manganesexenergycorp.com\/wp-content\/uploads\/2020\/09\/220af5_2b90cbf9352d47728e509d92baea7b6a_mv2_d_2592_1936_s_2.jpg","datePublished":"2020-09-08T12:36:06+00:00","dateModified":"2021-02-21T09:14:02+00:00","breadcrumb":{"@id":"https:\/\/www.manganesexenergycorp.com\/de\/projekte\/lac-aux-bouleaux-graphite-property\/#breadcrumb"},"inLanguage":"de","potentialAction":[{"@type":"ReadAction","target":["https:\/\/www.manganesexenergycorp.com\/de\/projekte\/lac-aux-bouleaux-graphite-property\/"]}]},{"@type":"ImageObject","inLanguage":"de","@id":"https:\/\/www.manganesexenergycorp.com\/de\/projekte\/lac-aux-bouleaux-graphite-property\/#primaryimage","url":"https:\/\/www.manganesexenergycorp.com\/wp-content\/uploads\/2020\/09\/220af5_2b90cbf9352d47728e509d92baea7b6a_mv2_d_2592_1936_s_2.jpg","contentUrl":"https:\/\/www.manganesexenergycorp.com\/wp-content\/uploads\/2020\/09\/220af5_2b90cbf9352d47728e509d92baea7b6a_mv2_d_2592_1936_s_2.jpg","width":1280,"height":956},{"@type":"BreadcrumbList","@id":"https:\/\/www.manganesexenergycorp.com\/de\/projekte\/lac-aux-bouleaux-graphite-property\/#breadcrumb","itemListElement":[{"@type":"ListItem","position":1,"name":"Home","item":"https:\/\/www.manganesexenergycorp.com\/de\/"},{"@type":"ListItem","position":2,"name":"Projekte","item":"https:\/\/www.manganesexenergycorp.com\/de\/projekte\/"},{"@type":"ListItem","position":3,"name":"Graphitgrundst\u00fcck Lac aux Bouleaux"}]},{"@type":"WebSite","@id":"https:\/\/www.manganesexenergycorp.com\/de\/#website","url":"https:\/\/www.manganesexenergycorp.com\/de\/","name":"Manganese X Energy Corp.","description":"Mining the Future","publisher":{"@id":"https:\/\/www.manganesexenergycorp.com\/de\/#organization"},"potentialAction":[{"@type":"SearchAction","target":{"@type":"EntryPoint","urlTemplate":"https:\/\/www.manganesexenergycorp.com\/de\/?s={search_term_string}"},"query-input":{"@type":"PropertyValueSpecification","valueRequired":true,"valueName":"search_term_string"}}],"inLanguage":"de"},{"@type":"Organization","@id":"https:\/\/www.manganesexenergycorp.com\/de\/#organization","name":"Manganese X Energy Corp.","url":"https:\/\/www.manganesexenergycorp.com\/de\/","logo":{"@type":"ImageObject","inLanguage":"de","@id":"https:\/\/www.manganesexenergycorp.com\/de\/#\/schema\/logo\/image\/","url":"https:\/\/www.manganesexenergycorp.com\/wp-content\/uploads\/2020\/09\/logo-dark.png","contentUrl":"https:\/\/www.manganesexenergycorp.com\/wp-content\/uploads\/2020\/09\/logo-dark.png","width":4000,"height":1920,"caption":"Manganese X Energy Corp."},"image":{"@id":"https:\/\/www.manganesexenergycorp.com\/de\/#\/schema\/logo\/image\/"},"sameAs":["https:\/\/www.facebook.com\/Manganese-X-Energy-Corp-102953664741689\/","https:\/\/x.com\/XManganese","https:\/\/www.linkedin.com\/company\/manganese-x-energy-corp","https:\/\/www.youtube.com\/channel\/UC3LFYdP23ZUX10xTUXmpIHA"]}]}},"_links":{"self":[{"href":"https:\/\/www.manganesexenergycorp.com\/de\/wp-json\/wp\/v2\/pages\/367","targetHints":{"allow":["GET"]}}],"collection":[{"href":"https:\/\/www.manganesexenergycorp.com\/de\/wp-json\/wp\/v2\/pages"}],"about":[{"href":"https:\/\/www.manganesexenergycorp.com\/de\/wp-json\/wp\/v2\/types\/page"}],"author":[{"embeddable":true,"href":"https:\/\/www.manganesexenergycorp.com\/de\/wp-json\/wp\/v2\/users\/1"}],"replies":[{"embeddable":true,"href":"https:\/\/www.manganesexenergycorp.com\/de\/wp-json\/wp\/v2\/comments?post=367"}],"version-history":[{"count":2,"href":"https:\/\/www.manganesexenergycorp.com\/de\/wp-json\/wp\/v2\/pages\/367\/revisions"}],"predecessor-version":[{"id":2252,"href":"https:\/\/www.manganesexenergycorp.com\/de\/wp-json\/wp\/v2\/pages\/367\/revisions\/2252"}],"up":[{"embeddable":true,"href":"https:\/\/www.manganesexenergycorp.com\/de\/wp-json\/wp\/v2\/pages\/379"}],"wp:featuredmedia":[{"embeddable":true,"href":"https:\/\/www.manganesexenergycorp.com\/de\/wp-json\/wp\/v2\/media\/354"}],"wp:attachment":[{"href":"https:\/\/www.manganesexenergycorp.com\/de\/wp-json\/wp\/v2\/media?parent=367"}],"curies":[{"name":"wp","href":"https:\/\/api.w.org\/{rel}","templated":true}]}}