{"id":371,"date":"2020-09-08T12:33:56","date_gmt":"2020-09-08T12:33:56","guid":{"rendered":"https:\/\/www.manganesexenergycorp.com\/peter-lake-property\/"},"modified":"2021-03-03T06:03:58","modified_gmt":"2021-03-03T11:03:58","slug":"peter-lake-property","status":"publish","type":"page","link":"https:\/\/www.manganesexenergycorp.com\/de\/projekte\/peter-lake-property\/","title":{"rendered":"Grundst\u00fcck Peter Lake"},"content":{"rendered":"<div class=\"wpb-content-wrapper\"><p>[vc_section full_width=&#8220;stretch_row&#8220; css=&#8220;.vc_custom_1599345763773{padding-top: 0px !important;padding-bottom: 0px !important;background-color: #ececec !important;}&#8220;][vc_row full_width=&#8220;stretch_row&#8220; equal_height=&#8220;yes&#8220;][vc_column width=&#8220;1\/2&#8243; css=&#8220;.vc_custom_1599420765827{padding-top: 30px !important;padding-bottom: 30px !important;}&#8220; el_class=&#8220;content-column-left&#8220;]    <div class=\"breadcrumbs\" typeof=\"BreadcrumbList\" vocab=\"https:\/\/schema.org\/\">\n        <span property=\"itemListElement\" typeof=\"ListItem\"><a property=\"item\" typeof=\"WebPage\" title=\"Go to Manganese X Energy Corp..\" href=\"https:\/\/www.manganesexenergycorp.com\/de\/\" class=\"home\" ><span property=\"name\">Home<\/span><\/a><meta property=\"position\" content=\"1\"><\/span> &gt; <span property=\"itemListElement\" typeof=\"ListItem\"><a property=\"item\" typeof=\"WebPage\" title=\"Go to News.\" href=\"https:\/\/www.manganesexenergycorp.com\/de\/blog\/\" class=\"post-root post post-post\" aria-current=\"page\"><span property=\"name\">News<\/span><\/a><meta property=\"position\" content=\"2\"><\/span>    <\/div>\n    [vc_column_text]<\/p>\n<h2><strong>Das Peter-Lake-Grundst\u00fcck<\/strong><\/h2>\n<p>Peter Lake (\u201edas Grundst\u00fcck\u201c) besteht aus 44 Claims, die nahtlos auf ungef\u00e4hr 2568 Hektar verteilt sind und sich in Mont-Laurier Terrane in der Central-Grenville-Provinz in Qu\u00e9bec befinden. Das Grundst\u00fcck liegt innerhalb einer Abfolge von Metasedimentgesteinen (Rabot-Suite), die von gabbroischen und felsischen bis mafischen Intrusionen (Serpent- und Lacoste-Suiten) durchdrungen sind.<\/p>\n<p>Zum Grundst\u00fcck geh\u00f6ren zwei Kupfer-Nickel-Cobalt-Vorkommen mit den Namen Peter Lake North und Peter Lake South. Fr\u00fchere Sch\u00fcrfproben ergaben bei ihnen Werte von 0,4 bis 22,8 % Kupfer, 0,14 bis 0.73 % Nickel, 500 ppm bis 0,266 % Cobalt, sowie erh\u00f6hte Vorkommen von Gold und Silber. Die Mineralisierung h\u00e4ngt mit den mafischen Intrusionen der Serpent-Suite zusammen und wurde an der Oberfl\u00e4che in unregelm\u00e4\u00dfigen Abst\u00e4nden f\u00fcr mehr als 2 Kilometer verfolgt. Beim Peter-Lake-South-Vorkommen, das 2012 entdeckt wurde, hat man noch keine entsprechenden Bohrungen durchgef\u00fchrt.<\/p>\n<p>Erw\u00e4hnenswert ist auch, dass sich das Peter-Lake-Grundst\u00fcck, welches sich nur 20 Kilometer s\u00fcdlich vom Michi-Projekt der Kintavar Exploration Inc. befindet, wo Kintavar eine neue Mineralisierung von Kupfer, Gold und Silber entdeckt hat (Kintavar-Pressemitteilung vom 8. August 2018).<\/p>\n<p>Manganese X beabsichtigt ein sofortiges Erschlie\u00dfungsprogramm zu starten, das eine vollst\u00e4ndige Zusammenstellung aller geologischen Arbeiten beinhaltet, die dort stattgefunden haben. Z\u00fcgig darauf werden dann bereits Linienschnitte, geophysikalische Bodenuntersuchungen, Prospektionen, Sch\u00fcrfungen und m\u00f6gliche Diamantbohrungen in der Zukunft folgen. Dabei werden wir speziell auf die Cobalt- und Gold-Platinum-Palladium-M\u00f6glichkeiten des Grundst\u00fccks im Auge behalten.<\/p>\n<p>Roger Dahn, VP Exploration und ein Director des Unternehmens, sagte dazu: \u201eWir sind begeistert \u00fcber das Konzessionsgebiet Peter Lake. Neben dem offensichtlichen Kupfer-Nickel-Kobalt-Potenzial in Zusammenhang mit den mafischen Intrusionen schenken wir dem Kobalt-Kupfer-Potenzial der nahegelegenen Metasedimente der Rabot-Abfolge besondere Aufmerksamkeit.\u201c<\/p>\n<h3 class=\"font_8\" style=\"text-align: left;\"><a href=\"https:\/\/www.manganesexenergycorp.com\/wp-content\/uploads\/2020\/09\/Peter-Lake.pdf\" target=\"_blank\" rel=\"noopener noreferrer\" data-content=\"https:\/\/www.manganesexenergycorp.com\/technicalsreports\" data-type=\"external\">Technischer Bericht: Peter Lake<\/a><\/h3>\n<p>[\/vc_column_text][\/vc_column][vc_column width=&#8220;1\/2&#8243; el_class=&#8220;stretch-column-right&#8220; css=&#8220;.vc_custom_1600167281134{padding-bottom: 0px !important;}&#8220;][vc_images_carousel images=&#8220;792,788,939,57,790&#8243; img_size=&#8220;full&#8220; wrap=&#8220;yes&#8220;][\/vc_column][\/vc_row][\/vc_section][vc_section full_width=&#8220;stretch_row&#8220; css=&#8220;.vc_custom_1599550453736{padding-top: 60px !important;padding-bottom: 60px !important;}&#8220;][vc_row][vc_column][vc_column_text css=&#8220;.vc_custom_1599550518401{margin-bottom: 30px !important;}&#8220;]<\/p>\n<h2><strong>Blog<\/strong><\/h2>\n<p>[\/vc_column_text][vc_basic_grid post_type=&#8220;post&#8220; max_items=&#8220;3&#8243; item=&#8220;219&#8243; grid_id=&#8220;vc_gid:1614769196710-f0264f81-5b4f-0&#8243;][vc_btn title=&#8220;Alle Neuigkeiten&#8220; align=&#8220;center&#8220; link=&#8220;url:https%3A%2F%2Fwww.manganesexenergycorp.com%2Fde%2Fblog%2F|title:Alle%20Neuigkeiten&#8220; el_class=&#8220;btn-green&#8220; css=&#8220;.vc_custom_1600257915047{margin-top: 20px !important;}&#8220;][\/vc_column][\/vc_row][\/vc_section]<\/p>\n<\/div>","protected":false},"excerpt":{"rendered":"<p>[vc_section full_width=&#8220;stretch_row&#8220; css=&#8220;.vc_custom_1599345763773{padding-top: 0px !important;padding-bottom: 0px !important;background-color: #ececec !important;}&#8220;][vc_row full_width=&#8220;stretch_row&#8220; equal_height=&#8220;yes&#8220;][vc_column width=&#8220;1\/2&#8243; css=&#8220;.vc_custom_1599420765827{padding-top: 30px !important;padding-bottom: 30px !important;}&#8220; el_class=&#8220;content-column-left&#8220;][vc_column_text] Das Peter-Lake-Grundst\u00fcck Peter Lake (\u201edas Grundst\u00fcck\u201c) besteht aus 44 Claims, die nahtlos auf ungef\u00e4hr 2568 Hektar verteilt sind und sich in Mont-Laurier Terrane in der Central-Grenville-Provinz in Qu\u00e9bec befinden. Das Grundst\u00fcck liegt innerhalb einer Abfolge von Metasedimentgesteinen [&hellip;]<\/p>\n","protected":false},"author":1,"featured_media":354,"parent":379,"menu_order":0,"comment_status":"closed","ping_status":"closed","template":"","meta":{"_acf_changed":false,"footnotes":""},"class_list":["post-371","page","type-page","status-publish","has-post-thumbnail","hentry"],"acf":[],"yoast_head":"<!-- This site is optimized with the Yoast SEO plugin v27.4 - https:\/\/yoast.com\/product\/yoast-seo-wordpress\/ -->\n<title>Grundst\u00fcck Peter Lake &#8211; Manganese X Energy Corp.<\/title>\n<meta name=\"robots\" content=\"index, follow, max-snippet:-1, max-image-preview:large, max-video-preview:-1\" \/>\n<link rel=\"canonical\" href=\"https:\/\/www.manganesexenergycorp.com\/de\/projekte\/peter-lake-property\/\" \/>\n<meta property=\"og:locale\" content=\"de_DE\" \/>\n<meta property=\"og:type\" content=\"article\" \/>\n<meta property=\"og:title\" content=\"Grundst\u00fcck Peter Lake &#8211; Manganese X Energy Corp.\" \/>\n<meta property=\"og:description\" content=\"[vc_section full_width=&#8220;stretch_row&#8220; css=&#8220;.vc_custom_1599345763773{padding-top: 0px !important;padding-bottom: 0px !important;background-color: #ececec !important;}&#8220;][vc_row full_width=&#8220;stretch_row&#8220; equal_height=&#8220;yes&#8220;][vc_column width=&#8220;1\/2&#8243; css=&#8220;.vc_custom_1599420765827{padding-top: 30px !important;padding-bottom: 30px !important;}&#8220; el_class=&#8220;content-column-left&#8220;][vc_column_text] Das Peter-Lake-Grundst\u00fcck Peter Lake (\u201edas Grundst\u00fcck\u201c) besteht aus 44 Claims, die nahtlos auf ungef\u00e4hr 2568 Hektar verteilt sind und sich in Mont-Laurier Terrane in der Central-Grenville-Provinz in Qu\u00e9bec befinden. Das Grundst\u00fcck liegt innerhalb einer Abfolge von Metasedimentgesteinen [&hellip;]\" \/>\n<meta property=\"og:url\" content=\"https:\/\/www.manganesexenergycorp.com\/de\/projekte\/peter-lake-property\/\" \/>\n<meta property=\"og:site_name\" content=\"Manganese X Energy Corp.\" \/>\n<meta property=\"article:publisher\" content=\"https:\/\/www.facebook.com\/Manganese-X-Energy-Corp-102953664741689\/\" \/>\n<meta property=\"article:modified_time\" content=\"2021-03-03T11:03:58+00:00\" \/>\n<meta property=\"og:image\" content=\"https:\/\/www.manganesexenergycorp.com\/wp-content\/uploads\/2020\/09\/220af5_2b90cbf9352d47728e509d92baea7b6a_mv2_d_2592_1936_s_2.jpg\" \/>\n\t<meta property=\"og:image:width\" content=\"1280\" \/>\n\t<meta property=\"og:image:height\" content=\"956\" \/>\n\t<meta property=\"og:image:type\" content=\"image\/jpeg\" \/>\n<meta name=\"twitter:card\" content=\"summary_large_image\" \/>\n<meta name=\"twitter:site\" content=\"@XManganese\" \/>\n<meta name=\"twitter:label1\" content=\"Gesch\u00e4tzte Lesezeit\" \/>\n\t<meta name=\"twitter:data1\" content=\"2\u00a0Minuten\" \/>\n<script type=\"application\/ld+json\" class=\"yoast-schema-graph\">{\"@context\":\"https:\\\/\\\/schema.org\",\"@graph\":[{\"@type\":\"WebPage\",\"@id\":\"https:\\\/\\\/www.manganesexenergycorp.com\\\/de\\\/projekte\\\/peter-lake-property\\\/\",\"url\":\"https:\\\/\\\/www.manganesexenergycorp.com\\\/de\\\/projekte\\\/peter-lake-property\\\/\",\"name\":\"Grundst\u00fcck Peter Lake &#8211; Manganese X Energy Corp.\",\"isPartOf\":{\"@id\":\"https:\\\/\\\/www.manganesexenergycorp.com\\\/de\\\/#website\"},\"primaryImageOfPage\":{\"@id\":\"https:\\\/\\\/www.manganesexenergycorp.com\\\/de\\\/projekte\\\/peter-lake-property\\\/#primaryimage\"},\"image\":{\"@id\":\"https:\\\/\\\/www.manganesexenergycorp.com\\\/de\\\/projekte\\\/peter-lake-property\\\/#primaryimage\"},\"thumbnailUrl\":\"https:\\\/\\\/www.manganesexenergycorp.com\\\/wp-content\\\/uploads\\\/2020\\\/09\\\/220af5_2b90cbf9352d47728e509d92baea7b6a_mv2_d_2592_1936_s_2.jpg\",\"datePublished\":\"2020-09-08T12:33:56+00:00\",\"dateModified\":\"2021-03-03T11:03:58+00:00\",\"breadcrumb\":{\"@id\":\"https:\\\/\\\/www.manganesexenergycorp.com\\\/de\\\/projekte\\\/peter-lake-property\\\/#breadcrumb\"},\"inLanguage\":\"de\",\"potentialAction\":[{\"@type\":\"ReadAction\",\"target\":[\"https:\\\/\\\/www.manganesexenergycorp.com\\\/de\\\/projekte\\\/peter-lake-property\\\/\"]}]},{\"@type\":\"ImageObject\",\"inLanguage\":\"de\",\"@id\":\"https:\\\/\\\/www.manganesexenergycorp.com\\\/de\\\/projekte\\\/peter-lake-property\\\/#primaryimage\",\"url\":\"https:\\\/\\\/www.manganesexenergycorp.com\\\/wp-content\\\/uploads\\\/2020\\\/09\\\/220af5_2b90cbf9352d47728e509d92baea7b6a_mv2_d_2592_1936_s_2.jpg\",\"contentUrl\":\"https:\\\/\\\/www.manganesexenergycorp.com\\\/wp-content\\\/uploads\\\/2020\\\/09\\\/220af5_2b90cbf9352d47728e509d92baea7b6a_mv2_d_2592_1936_s_2.jpg\",\"width\":1280,\"height\":956},{\"@type\":\"BreadcrumbList\",\"@id\":\"https:\\\/\\\/www.manganesexenergycorp.com\\\/de\\\/projekte\\\/peter-lake-property\\\/#breadcrumb\",\"itemListElement\":[{\"@type\":\"ListItem\",\"position\":1,\"name\":\"Home\",\"item\":\"https:\\\/\\\/www.manganesexenergycorp.com\\\/de\\\/\"},{\"@type\":\"ListItem\",\"position\":2,\"name\":\"Projekte\",\"item\":\"https:\\\/\\\/www.manganesexenergycorp.com\\\/de\\\/projekte\\\/\"},{\"@type\":\"ListItem\",\"position\":3,\"name\":\"Grundst\u00fcck Peter Lake\"}]},{\"@type\":\"WebSite\",\"@id\":\"https:\\\/\\\/www.manganesexenergycorp.com\\\/de\\\/#website\",\"url\":\"https:\\\/\\\/www.manganesexenergycorp.com\\\/de\\\/\",\"name\":\"Manganese X Energy Corp.\",\"description\":\"Mining the Future\",\"publisher\":{\"@id\":\"https:\\\/\\\/www.manganesexenergycorp.com\\\/de\\\/#organization\"},\"potentialAction\":[{\"@type\":\"SearchAction\",\"target\":{\"@type\":\"EntryPoint\",\"urlTemplate\":\"https:\\\/\\\/www.manganesexenergycorp.com\\\/de\\\/?s={search_term_string}\"},\"query-input\":{\"@type\":\"PropertyValueSpecification\",\"valueRequired\":true,\"valueName\":\"search_term_string\"}}],\"inLanguage\":\"de\"},{\"@type\":\"Organization\",\"@id\":\"https:\\\/\\\/www.manganesexenergycorp.com\\\/de\\\/#organization\",\"name\":\"Manganese X Energy Corp.\",\"url\":\"https:\\\/\\\/www.manganesexenergycorp.com\\\/de\\\/\",\"logo\":{\"@type\":\"ImageObject\",\"inLanguage\":\"de\",\"@id\":\"https:\\\/\\\/www.manganesexenergycorp.com\\\/de\\\/#\\\/schema\\\/logo\\\/image\\\/\",\"url\":\"https:\\\/\\\/www.manganesexenergycorp.com\\\/wp-content\\\/uploads\\\/2020\\\/09\\\/logo-dark.png\",\"contentUrl\":\"https:\\\/\\\/www.manganesexenergycorp.com\\\/wp-content\\\/uploads\\\/2020\\\/09\\\/logo-dark.png\",\"width\":4000,\"height\":1920,\"caption\":\"Manganese X Energy Corp.\"},\"image\":{\"@id\":\"https:\\\/\\\/www.manganesexenergycorp.com\\\/de\\\/#\\\/schema\\\/logo\\\/image\\\/\"},\"sameAs\":[\"https:\\\/\\\/www.facebook.com\\\/Manganese-X-Energy-Corp-102953664741689\\\/\",\"https:\\\/\\\/x.com\\\/XManganese\",\"https:\\\/\\\/www.linkedin.com\\\/company\\\/manganese-x-energy-corp\",\"https:\\\/\\\/www.youtube.com\\\/channel\\\/UC3LFYdP23ZUX10xTUXmpIHA\"]}]}<\/script>\n<!-- \/ Yoast SEO plugin. -->","yoast_head_json":{"title":"Grundst\u00fcck Peter Lake &#8211; Manganese X Energy Corp.","robots":{"index":"index","follow":"follow","max-snippet":"max-snippet:-1","max-image-preview":"max-image-preview:large","max-video-preview":"max-video-preview:-1"},"canonical":"https:\/\/www.manganesexenergycorp.com\/de\/projekte\/peter-lake-property\/","og_locale":"de_DE","og_type":"article","og_title":"Grundst\u00fcck Peter Lake &#8211; Manganese X Energy Corp.","og_description":"[vc_section full_width=&#8220;stretch_row&#8220; css=&#8220;.vc_custom_1599345763773{padding-top: 0px !important;padding-bottom: 0px !important;background-color: #ececec !important;}&#8220;][vc_row full_width=&#8220;stretch_row&#8220; equal_height=&#8220;yes&#8220;][vc_column width=&#8220;1\/2&#8243; css=&#8220;.vc_custom_1599420765827{padding-top: 30px !important;padding-bottom: 30px !important;}&#8220; el_class=&#8220;content-column-left&#8220;][vc_column_text] Das Peter-Lake-Grundst\u00fcck Peter Lake (\u201edas Grundst\u00fcck\u201c) besteht aus 44 Claims, die nahtlos auf ungef\u00e4hr 2568 Hektar verteilt sind und sich in Mont-Laurier Terrane in der Central-Grenville-Provinz in Qu\u00e9bec befinden. Das Grundst\u00fcck liegt innerhalb einer Abfolge von Metasedimentgesteinen [&hellip;]","og_url":"https:\/\/www.manganesexenergycorp.com\/de\/projekte\/peter-lake-property\/","og_site_name":"Manganese X Energy Corp.","article_publisher":"https:\/\/www.facebook.com\/Manganese-X-Energy-Corp-102953664741689\/","article_modified_time":"2021-03-03T11:03:58+00:00","og_image":[{"width":1280,"height":956,"url":"https:\/\/www.manganesexenergycorp.com\/wp-content\/uploads\/2020\/09\/220af5_2b90cbf9352d47728e509d92baea7b6a_mv2_d_2592_1936_s_2.jpg","type":"image\/jpeg"}],"twitter_card":"summary_large_image","twitter_site":"@XManganese","twitter_misc":{"Gesch\u00e4tzte Lesezeit":"2\u00a0Minuten"},"schema":{"@context":"https:\/\/schema.org","@graph":[{"@type":"WebPage","@id":"https:\/\/www.manganesexenergycorp.com\/de\/projekte\/peter-lake-property\/","url":"https:\/\/www.manganesexenergycorp.com\/de\/projekte\/peter-lake-property\/","name":"Grundst\u00fcck Peter Lake &#8211; Manganese X Energy Corp.","isPartOf":{"@id":"https:\/\/www.manganesexenergycorp.com\/de\/#website"},"primaryImageOfPage":{"@id":"https:\/\/www.manganesexenergycorp.com\/de\/projekte\/peter-lake-property\/#primaryimage"},"image":{"@id":"https:\/\/www.manganesexenergycorp.com\/de\/projekte\/peter-lake-property\/#primaryimage"},"thumbnailUrl":"https:\/\/www.manganesexenergycorp.com\/wp-content\/uploads\/2020\/09\/220af5_2b90cbf9352d47728e509d92baea7b6a_mv2_d_2592_1936_s_2.jpg","datePublished":"2020-09-08T12:33:56+00:00","dateModified":"2021-03-03T11:03:58+00:00","breadcrumb":{"@id":"https:\/\/www.manganesexenergycorp.com\/de\/projekte\/peter-lake-property\/#breadcrumb"},"inLanguage":"de","potentialAction":[{"@type":"ReadAction","target":["https:\/\/www.manganesexenergycorp.com\/de\/projekte\/peter-lake-property\/"]}]},{"@type":"ImageObject","inLanguage":"de","@id":"https:\/\/www.manganesexenergycorp.com\/de\/projekte\/peter-lake-property\/#primaryimage","url":"https:\/\/www.manganesexenergycorp.com\/wp-content\/uploads\/2020\/09\/220af5_2b90cbf9352d47728e509d92baea7b6a_mv2_d_2592_1936_s_2.jpg","contentUrl":"https:\/\/www.manganesexenergycorp.com\/wp-content\/uploads\/2020\/09\/220af5_2b90cbf9352d47728e509d92baea7b6a_mv2_d_2592_1936_s_2.jpg","width":1280,"height":956},{"@type":"BreadcrumbList","@id":"https:\/\/www.manganesexenergycorp.com\/de\/projekte\/peter-lake-property\/#breadcrumb","itemListElement":[{"@type":"ListItem","position":1,"name":"Home","item":"https:\/\/www.manganesexenergycorp.com\/de\/"},{"@type":"ListItem","position":2,"name":"Projekte","item":"https:\/\/www.manganesexenergycorp.com\/de\/projekte\/"},{"@type":"ListItem","position":3,"name":"Grundst\u00fcck Peter Lake"}]},{"@type":"WebSite","@id":"https:\/\/www.manganesexenergycorp.com\/de\/#website","url":"https:\/\/www.manganesexenergycorp.com\/de\/","name":"Manganese X Energy Corp.","description":"Mining the Future","publisher":{"@id":"https:\/\/www.manganesexenergycorp.com\/de\/#organization"},"potentialAction":[{"@type":"SearchAction","target":{"@type":"EntryPoint","urlTemplate":"https:\/\/www.manganesexenergycorp.com\/de\/?s={search_term_string}"},"query-input":{"@type":"PropertyValueSpecification","valueRequired":true,"valueName":"search_term_string"}}],"inLanguage":"de"},{"@type":"Organization","@id":"https:\/\/www.manganesexenergycorp.com\/de\/#organization","name":"Manganese X Energy Corp.","url":"https:\/\/www.manganesexenergycorp.com\/de\/","logo":{"@type":"ImageObject","inLanguage":"de","@id":"https:\/\/www.manganesexenergycorp.com\/de\/#\/schema\/logo\/image\/","url":"https:\/\/www.manganesexenergycorp.com\/wp-content\/uploads\/2020\/09\/logo-dark.png","contentUrl":"https:\/\/www.manganesexenergycorp.com\/wp-content\/uploads\/2020\/09\/logo-dark.png","width":4000,"height":1920,"caption":"Manganese X Energy Corp."},"image":{"@id":"https:\/\/www.manganesexenergycorp.com\/de\/#\/schema\/logo\/image\/"},"sameAs":["https:\/\/www.facebook.com\/Manganese-X-Energy-Corp-102953664741689\/","https:\/\/x.com\/XManganese","https:\/\/www.linkedin.com\/company\/manganese-x-energy-corp","https:\/\/www.youtube.com\/channel\/UC3LFYdP23ZUX10xTUXmpIHA"]}]}},"_links":{"self":[{"href":"https:\/\/www.manganesexenergycorp.com\/de\/wp-json\/wp\/v2\/pages\/371","targetHints":{"allow":["GET"]}}],"collection":[{"href":"https:\/\/www.manganesexenergycorp.com\/de\/wp-json\/wp\/v2\/pages"}],"about":[{"href":"https:\/\/www.manganesexenergycorp.com\/de\/wp-json\/wp\/v2\/types\/page"}],"author":[{"embeddable":true,"href":"https:\/\/www.manganesexenergycorp.com\/de\/wp-json\/wp\/v2\/users\/1"}],"replies":[{"embeddable":true,"href":"https:\/\/www.manganesexenergycorp.com\/de\/wp-json\/wp\/v2\/comments?post=371"}],"version-history":[{"count":4,"href":"https:\/\/www.manganesexenergycorp.com\/de\/wp-json\/wp\/v2\/pages\/371\/revisions"}],"predecessor-version":[{"id":2287,"href":"https:\/\/www.manganesexenergycorp.com\/de\/wp-json\/wp\/v2\/pages\/371\/revisions\/2287"}],"up":[{"embeddable":true,"href":"https:\/\/www.manganesexenergycorp.com\/de\/wp-json\/wp\/v2\/pages\/379"}],"wp:featuredmedia":[{"embeddable":true,"href":"https:\/\/www.manganesexenergycorp.com\/de\/wp-json\/wp\/v2\/media\/354"}],"wp:attachment":[{"href":"https:\/\/www.manganesexenergycorp.com\/de\/wp-json\/wp\/v2\/media?parent=371"}],"curies":[{"name":"wp","href":"https:\/\/api.w.org\/{rel}","templated":true}]}}