{"id":496,"date":"2020-09-06T16:03:56","date_gmt":"2020-09-06T16:03:56","guid":{"rendered":"https:\/\/www.manganesexenergycorp.com\/investors\/stock-quote-and-performance\/"},"modified":"2022-02-10T05:30:52","modified_gmt":"2022-02-10T10:30:52","slug":"aktienkurs-und-performance","status":"publish","type":"page","link":"https:\/\/www.manganesexenergycorp.com\/de\/investoren\/aktienkurs-und-performance\/","title":{"rendered":"Aktienkurs und Performance"},"content":{"rendered":"<div class=\"wpb-content-wrapper\"><p>[vc_section css=&#8220;.vc_custom_1599420230475{padding-top: 50px !important;padding-bottom: 50px !important;}&#8220;][vc_row][vc_column]    <div class=\"breadcrumbs\" typeof=\"BreadcrumbList\" vocab=\"https:\/\/schema.org\/\">\n        <span property=\"itemListElement\" typeof=\"ListItem\"><a property=\"item\" typeof=\"WebPage\" title=\"Go to Manganese X Energy Corp..\" href=\"https:\/\/www.manganesexenergycorp.com\/de\/\" class=\"home\" ><span property=\"name\">Home<\/span><\/a><meta property=\"position\" content=\"1\"><\/span> &gt; <span property=\"itemListElement\" typeof=\"ListItem\"><a property=\"item\" typeof=\"WebPage\" title=\"Go to News.\" href=\"https:\/\/www.manganesexenergycorp.com\/de\/blog\/\" class=\"post-root post post-post\" aria-current=\"page\"><span property=\"name\">News<\/span><\/a><meta property=\"position\" content=\"2\"><\/span>    <\/div>\n    [vc_column_text]<\/p>\n<h2 style=\"text-align: center;\"><strong>AKTIENCHART F\u00dcR MANGANESE X ENERGY CORP.<\/strong><\/h2>\n<div style=\"overflow: hidden;\"><iframe style=\"width: 100%; height: 370px; border: none; margin-top: -50px;\" src=\"https:\/\/www-manganesexenergycorp-com.filesusr.com\/html\/220af5_78e6e9866140161a0c3fe5fba68a9f33.html\"><\/iframe><\/div>\n<p>[\/vc_column_text][vc_column_text]<\/p>\n<h2 style=\"text-align: center;\"><strong>DETAILLIERTER KURS\u00dcBERBLICK<\/strong><\/h2>\n<p><!-- TradingView Widget BEGIN --><\/p>\n<div class=\"tradingview-widget-container\">\n<div id=\"tradingview_256cf\"><\/div>\n<div class=\"tradingview-widget-copyright\"><a href=\"https:\/\/www.tradingview.com\/symbols\/TSXV-MN\/\" target=\"_blank\" rel=\"noopener\"><span class=\"blue-text\">MN Chart<\/span><\/a> by TradingView<\/div>\n<p><script type=\"text\/javascript\" src=\"https:\/\/s3.tradingview.com\/tv.js\"><\/script><br \/>\n<script type=\"text\/javascript\">\n  new TradingView.widget(\n  {\n  \"width\": 896,\n  \"height\": 305,\n  \"symbol\": \"TSXV:MN\",\n  \"interval\": \"60\",\n  \"timezone\": \"Etc\/UTC\",\n  \"theme\": \"light\",\n  \"style\": \"8\",\n  \"locale\": \"en\",\n  \"toolbar_bg\": \"#f1f3f6\",\n  \"enable_publishing\": false,\n  \"hide_top_toolbar\": true,\n  \"container_id\": \"tradingview_256cf\"\n}\n  );\n  <\/script><\/p>\n<\/div>\n<p><!-- TradingView Widget END -->[\/vc_column_text][vc_column_text]<\/p>\n<h2><strong>AKTIENSTRUKTUR<\/strong><\/h2>\n<h3>AKTIENKAPITALISIERUNG AM 4. JANUAR 2022<\/h3>\n<p>[\/vc_column_text][\/vc_column][\/vc_row][vc_row][vc_column width=&#8220;1\/6&#8243;]        <div class=\"simple-box\">\n            <div class=\"box-title\">Ausgegebene Aktien<\/div>\n            <div class=\"box-value\">124,534,907<\/div>\n        <\/div>\n    [\/vc_column][vc_column width=&#8220;1\/6&#8243;]        <div class=\"simple-box\">\n            <div class=\"box-title\">Ausstehende Optionen<\/div>\n            <div class=\"box-value\">6,200,000<\/div>\n        <\/div>\n    [\/vc_column][vc_column width=&#8220;1\/6&#8243;]        <div class=\"simple-box\">\n            <div class=\"box-title\">Warrants<\/div>\n            <div class=\"box-value\">24,233,000<\/div>\n        <\/div>\n    [\/vc_column][vc_column width=&#8220;1\/6&#8243;]        <div class=\"simple-box\">\n            <div class=\"box-title\">Aktien gesamt<\/div>\n            <div class=\"box-value\">155,058,399<\/div>\n        <\/div>\n    [\/vc_column][vc_column width=&#8220;1\/6&#8243;]        <div class=\"simple-box\">\n            <div class=\"box-title\">Management &amp; Insider<\/div>\n            <div class=\"box-value\">5%<\/div>\n        <\/div>\n    [\/vc_column][vc_column width=&#8220;1\/6&#8243;]        <div class=\"simple-box\">\n            <div class=\"box-title\">CUSIP-Nummer<\/div>\n            <div class=\"box-value\">379900 50 9<\/div>\n        <\/div>\n    [\/vc_column][\/vc_row][\/vc_section][vc_section full_width=&#8220;stretch_row&#8220; css=&#8220;.vc_custom_1599601485766{padding-top: 60px !important;padding-bottom: 20px !important;background-color: #2b5264 !important;}&#8220; el_class=&#8220;dark-gradient&#8220;][vc_row][vc_column][vc_column_text]<\/p>\n<h2><strong>ANALYSTENBERICHTE<\/strong><\/h2>\n<p>[\/vc_column_text]    <div class=\"row\">\n            <div class=\"col-12 col-md-6 col-lg-4\">\n            <article class=\"blog-post-item post-496 page type-page status-publish has-post-thumbnail hentry\" id=\"post-1808\">\n                <div class=\"post-thumbnail\">\n                    <a href=\"https:\/\/www.manganesexenergycorp.com\/wp-content\/uploads\/2020\/09\/Manganese_German_Sept2020.pdf\">\n                        <img loading=\"lazy\" decoding=\"async\" width=\"1920\" height=\"1272\" src=\"https:\/\/www.manganesexenergycorp.com\/wp-content\/uploads\/2020\/09\/lukas-blazek-mcSDtbWXUZU-unsplash.jpg\" class=\"attachment-full size-full wp-post-image\" alt=\"\" srcset=\"https:\/\/www.manganesexenergycorp.com\/wp-content\/uploads\/2020\/09\/lukas-blazek-mcSDtbWXUZU-unsplash.jpg 1920w, https:\/\/www.manganesexenergycorp.com\/wp-content\/uploads\/2020\/09\/lukas-blazek-mcSDtbWXUZU-unsplash-300x199.jpg 300w, https:\/\/www.manganesexenergycorp.com\/wp-content\/uploads\/2020\/09\/lukas-blazek-mcSDtbWXUZU-unsplash-1024x678.jpg 1024w, https:\/\/www.manganesexenergycorp.com\/wp-content\/uploads\/2020\/09\/lukas-blazek-mcSDtbWXUZU-unsplash-768x509.jpg 768w, https:\/\/www.manganesexenergycorp.com\/wp-content\/uploads\/2020\/09\/lukas-blazek-mcSDtbWXUZU-unsplash-1536x1018.jpg 1536w\" sizes=\"auto, (max-width: 1920px) 100vw, 1920px\" \/>                    <\/a>\n                <\/div>\n                <div class=\"post-date\">\n                    September 21, 2020                <\/div>\n                <h6 class=\"post-title\">\n                    <a href=\"https:\/\/www.manganesexenergycorp.com\/wp-content\/uploads\/2020\/09\/Manganese_German_Sept2020.pdf\">\n                        Hallgarten & Company 2020                    <\/a>\n                <\/h6>\n                <div class=\"post-excerpt\">Christopher Ecclestone hat einen Bericht \u00fcber Manganese X Energy Corp. ver\u00f6ffentlicht. Er ist seines Zeichens Direktor und Bergbaustratege bei Hallgarten & Company und in London ans\u00e4ssig.<\/div>\n            <\/article>\n        <\/div>\n            <div class=\"col-12 col-md-6 col-lg-4\">\n            <article class=\"blog-post-item post-496 page type-page status-publish has-post-thumbnail hentry\" id=\"post-1391\">\n                <div class=\"post-thumbnail\">\n                    <a href=\"https:\/\/www.manganesexenergycorp.com\/wp-content\/uploads\/2020\/09\/report.pdf\">\n                        <img loading=\"lazy\" decoding=\"async\" width=\"1920\" height=\"1272\" src=\"https:\/\/www.manganesexenergycorp.com\/wp-content\/uploads\/2020\/09\/lukas-blazek-mcSDtbWXUZU-unsplash.jpg\" class=\"attachment-full size-full wp-post-image\" alt=\"\" srcset=\"https:\/\/www.manganesexenergycorp.com\/wp-content\/uploads\/2020\/09\/lukas-blazek-mcSDtbWXUZU-unsplash.jpg 1920w, https:\/\/www.manganesexenergycorp.com\/wp-content\/uploads\/2020\/09\/lukas-blazek-mcSDtbWXUZU-unsplash-300x199.jpg 300w, https:\/\/www.manganesexenergycorp.com\/wp-content\/uploads\/2020\/09\/lukas-blazek-mcSDtbWXUZU-unsplash-1024x678.jpg 1024w, https:\/\/www.manganesexenergycorp.com\/wp-content\/uploads\/2020\/09\/lukas-blazek-mcSDtbWXUZU-unsplash-768x509.jpg 768w, https:\/\/www.manganesexenergycorp.com\/wp-content\/uploads\/2020\/09\/lukas-blazek-mcSDtbWXUZU-unsplash-1536x1018.jpg 1536w\" sizes=\"auto, (max-width: 1920px) 100vw, 1920px\" \/>                    <\/a>\n                <\/div>\n                <div class=\"post-date\">\n                    Dezember 6, 2016                <\/div>\n                <h6 class=\"post-title\">\n                    <a href=\"https:\/\/www.manganesexenergycorp.com\/wp-content\/uploads\/2020\/09\/report.pdf\">\n                        Hallgarten & Company starten Berichterstattung                    <\/a>\n                <\/h6>\n                <div class=\"post-excerpt\">Christopher Ecclestone hat heute seinen ersten Bericht \u00fcber Manganese X Energy Corp. ver\u00f6ffentlicht. Er ist seines Zeichens Direktor und Bergbaustratege bei Hallgarten & Company und in London ans\u00e4ssig.<\/div>\n            <\/article>\n        <\/div>\n        <\/div>\n    [\/vc_column][\/vc_row][\/vc_section][vc_section full_width=&#8220;stretch_row&#8220; css=&#8220;.vc_custom_1599550453736{padding-top: 60px !important;padding-bottom: 60px !important;}&#8220;][vc_row][vc_column][vc_column_text]<\/p>\n<h2><strong>Blog<\/strong><\/h2>\n<p>[\/vc_column_text][vc_basic_grid post_type=&#8220;post&#8220; max_items=&#8220;3&#8243; item=&#8220;2996&#8243; grid_id=&#8220;vc_gid:1644489039798-13147f75-0209-0&#8243; css=&#8220;.vc_custom_1635189002411{margin-bottom: 15px !important;}&#8220;][vc_btn title=&#8220;Alle Neuigkeiten&#8220; align=&#8220;center&#8220; link=&#8220;url:https%3A%2F%2Fwww.manganesexenergycorp.com%2Fblog%2F|title:All%20News&#8220; el_class=&#8220;btn-green&#8220; css=&#8220;.vc_custom_1600189942023{margin-top: 0px !important;}&#8220;][\/vc_column][\/vc_row][\/vc_section]<\/p>\n<\/div>","protected":false},"excerpt":{"rendered":"<p>[vc_section css=&#8220;.vc_custom_1599420230475{padding-top: 50px !important;padding-bottom: 50px !important;}&#8220;][vc_row][vc_column][vc_column_text] AKTIENCHART F\u00dcR MANGANESE X ENERGY CORP. [\/vc_column_text][vc_column_text] DETAILLIERTER KURS\u00dcBERBLICK MN Chart by TradingView [\/vc_column_text][vc_column_text] AKTIENSTRUKTUR AKTIENKAPITALISIERUNG AM 4. JANUAR 2022 [\/vc_column_text][\/vc_column][\/vc_row][vc_row][vc_column width=&#8220;1\/6&#8243;][\/vc_column][vc_column width=&#8220;1\/6&#8243;][\/vc_column][vc_column width=&#8220;1\/6&#8243;][\/vc_column][vc_column width=&#8220;1\/6&#8243;][\/vc_column][vc_column width=&#8220;1\/6&#8243;][\/vc_column][vc_column width=&#8220;1\/6&#8243;][\/vc_column][\/vc_row][\/vc_section][vc_section full_width=&#8220;stretch_row&#8220; css=&#8220;.vc_custom_1599601485766{padding-top: 60px !important;padding-bottom: 20px !important;background-color: #2b5264 !important;}&#8220; el_class=&#8220;dark-gradient&#8220;][vc_row][vc_column][vc_column_text] ANALYSTENBERICHTE [\/vc_column_text][\/vc_column][\/vc_row][\/vc_section][vc_section full_width=&#8220;stretch_row&#8220; css=&#8220;.vc_custom_1599550453736{padding-top: 60px !important;padding-bottom: 60px !important;}&#8220;][vc_row][vc_column][vc_column_text] Blog [\/vc_column_text][vc_basic_grid post_type=&#8220;post&#8220; max_items=&#8220;3&#8243; item=&#8220;2996&#8243; [&hellip;]<\/p>\n","protected":false},"author":1,"featured_media":430,"parent":383,"menu_order":0,"comment_status":"closed","ping_status":"closed","template":"","meta":{"_acf_changed":false,"footnotes":""},"class_list":["post-496","page","type-page","status-publish","has-post-thumbnail","hentry"],"acf":[],"yoast_head":"<!-- This site is optimized with the Yoast SEO plugin v27.4 - https:\/\/yoast.com\/product\/yoast-seo-wordpress\/ -->\n<title>Aktienkurs und Performance &#8211; Manganese X Energy Corp.<\/title>\n<meta name=\"robots\" content=\"index, follow, max-snippet:-1, max-image-preview:large, max-video-preview:-1\" \/>\n<link rel=\"canonical\" href=\"https:\/\/www.manganesexenergycorp.com\/de\/investoren\/aktienkurs-und-performance\/\" \/>\n<meta property=\"og:locale\" content=\"de_DE\" \/>\n<meta property=\"og:type\" content=\"article\" \/>\n<meta property=\"og:title\" content=\"Aktienkurs und Performance &#8211; Manganese X Energy Corp.\" \/>\n<meta property=\"og:description\" content=\"[vc_section css=&#8220;.vc_custom_1599420230475{padding-top: 50px !important;padding-bottom: 50px !important;}&#8220;][vc_row][vc_column][vc_column_text] AKTIENCHART F\u00dcR MANGANESE X ENERGY CORP. [\/vc_column_text][vc_column_text] DETAILLIERTER KURS\u00dcBERBLICK MN Chart by TradingView [\/vc_column_text][vc_column_text] AKTIENSTRUKTUR AKTIENKAPITALISIERUNG AM 4. JANUAR 2022 [\/vc_column_text][\/vc_column][\/vc_row][vc_row][vc_column width=&#8220;1\/6&#8243;][\/vc_column][vc_column width=&#8220;1\/6&#8243;][\/vc_column][vc_column width=&#8220;1\/6&#8243;][\/vc_column][vc_column width=&#8220;1\/6&#8243;][\/vc_column][vc_column width=&#8220;1\/6&#8243;][\/vc_column][vc_column width=&#8220;1\/6&#8243;][\/vc_column][\/vc_row][\/vc_section][vc_section full_width=&#8220;stretch_row&#8220; css=&#8220;.vc_custom_1599601485766{padding-top: 60px !important;padding-bottom: 20px !important;background-color: #2b5264 !important;}&#8220; el_class=&#8220;dark-gradient&#8220;][vc_row][vc_column][vc_column_text] ANALYSTENBERICHTE [\/vc_column_text][\/vc_column][\/vc_row][\/vc_section][vc_section full_width=&#8220;stretch_row&#8220; css=&#8220;.vc_custom_1599550453736{padding-top: 60px !important;padding-bottom: 60px !important;}&#8220;][vc_row][vc_column][vc_column_text] Blog [\/vc_column_text][vc_basic_grid post_type=&#8220;post&#8220; max_items=&#8220;3&#8243; item=&#8220;2996&#8243; [&hellip;]\" \/>\n<meta property=\"og:url\" content=\"https:\/\/www.manganesexenergycorp.com\/de\/investoren\/aktienkurs-und-performance\/\" \/>\n<meta property=\"og:site_name\" content=\"Manganese X Energy Corp.\" \/>\n<meta property=\"article:publisher\" content=\"https:\/\/www.facebook.com\/Manganese-X-Energy-Corp-102953664741689\/\" \/>\n<meta property=\"article:modified_time\" content=\"2022-02-10T10:30:52+00:00\" \/>\n<meta property=\"og:image\" content=\"https:\/\/www.manganesexenergycorp.com\/wp-content\/uploads\/2020\/09\/u_ajax_1.jpg\" \/>\n\t<meta property=\"og:image:width\" content=\"1680\" \/>\n\t<meta property=\"og:image:height\" content=\"945\" \/>\n\t<meta property=\"og:image:type\" content=\"image\/jpeg\" \/>\n<meta name=\"twitter:card\" content=\"summary_large_image\" \/>\n<meta name=\"twitter:site\" content=\"@XManganese\" \/>\n<meta name=\"twitter:label1\" content=\"Gesch\u00e4tzte Lesezeit\" \/>\n\t<meta name=\"twitter:data1\" content=\"1\u00a0Minute\" \/>\n<script type=\"application\/ld+json\" class=\"yoast-schema-graph\">{\"@context\":\"https:\\\/\\\/schema.org\",\"@graph\":[{\"@type\":\"WebPage\",\"@id\":\"https:\\\/\\\/www.manganesexenergycorp.com\\\/de\\\/investoren\\\/aktienkurs-und-performance\\\/\",\"url\":\"https:\\\/\\\/www.manganesexenergycorp.com\\\/de\\\/investoren\\\/aktienkurs-und-performance\\\/\",\"name\":\"Aktienkurs und Performance &#8211; Manganese X Energy Corp.\",\"isPartOf\":{\"@id\":\"https:\\\/\\\/www.manganesexenergycorp.com\\\/de\\\/#website\"},\"primaryImageOfPage\":{\"@id\":\"https:\\\/\\\/www.manganesexenergycorp.com\\\/de\\\/investoren\\\/aktienkurs-und-performance\\\/#primaryimage\"},\"image\":{\"@id\":\"https:\\\/\\\/www.manganesexenergycorp.com\\\/de\\\/investoren\\\/aktienkurs-und-performance\\\/#primaryimage\"},\"thumbnailUrl\":\"https:\\\/\\\/www.manganesexenergycorp.com\\\/wp-content\\\/uploads\\\/2020\\\/09\\\/u_ajax_1.jpg\",\"datePublished\":\"2020-09-06T16:03:56+00:00\",\"dateModified\":\"2022-02-10T10:30:52+00:00\",\"breadcrumb\":{\"@id\":\"https:\\\/\\\/www.manganesexenergycorp.com\\\/de\\\/investoren\\\/aktienkurs-und-performance\\\/#breadcrumb\"},\"inLanguage\":\"de\",\"potentialAction\":[{\"@type\":\"ReadAction\",\"target\":[\"https:\\\/\\\/www.manganesexenergycorp.com\\\/de\\\/investoren\\\/aktienkurs-und-performance\\\/\"]}]},{\"@type\":\"ImageObject\",\"inLanguage\":\"de\",\"@id\":\"https:\\\/\\\/www.manganesexenergycorp.com\\\/de\\\/investoren\\\/aktienkurs-und-performance\\\/#primaryimage\",\"url\":\"https:\\\/\\\/www.manganesexenergycorp.com\\\/wp-content\\\/uploads\\\/2020\\\/09\\\/u_ajax_1.jpg\",\"contentUrl\":\"https:\\\/\\\/www.manganesexenergycorp.com\\\/wp-content\\\/uploads\\\/2020\\\/09\\\/u_ajax_1.jpg\",\"width\":1680,\"height\":945},{\"@type\":\"BreadcrumbList\",\"@id\":\"https:\\\/\\\/www.manganesexenergycorp.com\\\/de\\\/investoren\\\/aktienkurs-und-performance\\\/#breadcrumb\",\"itemListElement\":[{\"@type\":\"ListItem\",\"position\":1,\"name\":\"Home\",\"item\":\"https:\\\/\\\/www.manganesexenergycorp.com\\\/de\\\/\"},{\"@type\":\"ListItem\",\"position\":2,\"name\":\"Investoren\",\"item\":\"https:\\\/\\\/www.manganesexenergycorp.com\\\/de\\\/investoren\\\/\"},{\"@type\":\"ListItem\",\"position\":3,\"name\":\"Aktienkurs und Performance\"}]},{\"@type\":\"WebSite\",\"@id\":\"https:\\\/\\\/www.manganesexenergycorp.com\\\/de\\\/#website\",\"url\":\"https:\\\/\\\/www.manganesexenergycorp.com\\\/de\\\/\",\"name\":\"Manganese X Energy Corp.\",\"description\":\"Mining the Future\",\"publisher\":{\"@id\":\"https:\\\/\\\/www.manganesexenergycorp.com\\\/de\\\/#organization\"},\"potentialAction\":[{\"@type\":\"SearchAction\",\"target\":{\"@type\":\"EntryPoint\",\"urlTemplate\":\"https:\\\/\\\/www.manganesexenergycorp.com\\\/de\\\/?s={search_term_string}\"},\"query-input\":{\"@type\":\"PropertyValueSpecification\",\"valueRequired\":true,\"valueName\":\"search_term_string\"}}],\"inLanguage\":\"de\"},{\"@type\":\"Organization\",\"@id\":\"https:\\\/\\\/www.manganesexenergycorp.com\\\/de\\\/#organization\",\"name\":\"Manganese X Energy Corp.\",\"url\":\"https:\\\/\\\/www.manganesexenergycorp.com\\\/de\\\/\",\"logo\":{\"@type\":\"ImageObject\",\"inLanguage\":\"de\",\"@id\":\"https:\\\/\\\/www.manganesexenergycorp.com\\\/de\\\/#\\\/schema\\\/logo\\\/image\\\/\",\"url\":\"https:\\\/\\\/www.manganesexenergycorp.com\\\/wp-content\\\/uploads\\\/2020\\\/09\\\/logo-dark.png\",\"contentUrl\":\"https:\\\/\\\/www.manganesexenergycorp.com\\\/wp-content\\\/uploads\\\/2020\\\/09\\\/logo-dark.png\",\"width\":4000,\"height\":1920,\"caption\":\"Manganese X Energy Corp.\"},\"image\":{\"@id\":\"https:\\\/\\\/www.manganesexenergycorp.com\\\/de\\\/#\\\/schema\\\/logo\\\/image\\\/\"},\"sameAs\":[\"https:\\\/\\\/www.facebook.com\\\/Manganese-X-Energy-Corp-102953664741689\\\/\",\"https:\\\/\\\/x.com\\\/XManganese\",\"https:\\\/\\\/www.linkedin.com\\\/company\\\/manganese-x-energy-corp\",\"https:\\\/\\\/www.youtube.com\\\/channel\\\/UC3LFYdP23ZUX10xTUXmpIHA\"]}]}<\/script>\n<!-- \/ Yoast SEO plugin. -->","yoast_head_json":{"title":"Aktienkurs und Performance &#8211; Manganese X Energy Corp.","robots":{"index":"index","follow":"follow","max-snippet":"max-snippet:-1","max-image-preview":"max-image-preview:large","max-video-preview":"max-video-preview:-1"},"canonical":"https:\/\/www.manganesexenergycorp.com\/de\/investoren\/aktienkurs-und-performance\/","og_locale":"de_DE","og_type":"article","og_title":"Aktienkurs und Performance &#8211; Manganese X Energy Corp.","og_description":"[vc_section css=&#8220;.vc_custom_1599420230475{padding-top: 50px !important;padding-bottom: 50px !important;}&#8220;][vc_row][vc_column][vc_column_text] AKTIENCHART F\u00dcR MANGANESE X ENERGY CORP. [\/vc_column_text][vc_column_text] DETAILLIERTER KURS\u00dcBERBLICK MN Chart by TradingView [\/vc_column_text][vc_column_text] AKTIENSTRUKTUR AKTIENKAPITALISIERUNG AM 4. JANUAR 2022 [\/vc_column_text][\/vc_column][\/vc_row][vc_row][vc_column width=&#8220;1\/6&#8243;][\/vc_column][vc_column width=&#8220;1\/6&#8243;][\/vc_column][vc_column width=&#8220;1\/6&#8243;][\/vc_column][vc_column width=&#8220;1\/6&#8243;][\/vc_column][vc_column width=&#8220;1\/6&#8243;][\/vc_column][vc_column width=&#8220;1\/6&#8243;][\/vc_column][\/vc_row][\/vc_section][vc_section full_width=&#8220;stretch_row&#8220; css=&#8220;.vc_custom_1599601485766{padding-top: 60px !important;padding-bottom: 20px !important;background-color: #2b5264 !important;}&#8220; el_class=&#8220;dark-gradient&#8220;][vc_row][vc_column][vc_column_text] ANALYSTENBERICHTE [\/vc_column_text][\/vc_column][\/vc_row][\/vc_section][vc_section full_width=&#8220;stretch_row&#8220; css=&#8220;.vc_custom_1599550453736{padding-top: 60px !important;padding-bottom: 60px !important;}&#8220;][vc_row][vc_column][vc_column_text] Blog [\/vc_column_text][vc_basic_grid post_type=&#8220;post&#8220; max_items=&#8220;3&#8243; item=&#8220;2996&#8243; [&hellip;]","og_url":"https:\/\/www.manganesexenergycorp.com\/de\/investoren\/aktienkurs-und-performance\/","og_site_name":"Manganese X Energy Corp.","article_publisher":"https:\/\/www.facebook.com\/Manganese-X-Energy-Corp-102953664741689\/","article_modified_time":"2022-02-10T10:30:52+00:00","og_image":[{"width":1680,"height":945,"url":"https:\/\/www.manganesexenergycorp.com\/wp-content\/uploads\/2020\/09\/u_ajax_1.jpg","type":"image\/jpeg"}],"twitter_card":"summary_large_image","twitter_site":"@XManganese","twitter_misc":{"Gesch\u00e4tzte Lesezeit":"1\u00a0Minute"},"schema":{"@context":"https:\/\/schema.org","@graph":[{"@type":"WebPage","@id":"https:\/\/www.manganesexenergycorp.com\/de\/investoren\/aktienkurs-und-performance\/","url":"https:\/\/www.manganesexenergycorp.com\/de\/investoren\/aktienkurs-und-performance\/","name":"Aktienkurs und Performance &#8211; Manganese X Energy Corp.","isPartOf":{"@id":"https:\/\/www.manganesexenergycorp.com\/de\/#website"},"primaryImageOfPage":{"@id":"https:\/\/www.manganesexenergycorp.com\/de\/investoren\/aktienkurs-und-performance\/#primaryimage"},"image":{"@id":"https:\/\/www.manganesexenergycorp.com\/de\/investoren\/aktienkurs-und-performance\/#primaryimage"},"thumbnailUrl":"https:\/\/www.manganesexenergycorp.com\/wp-content\/uploads\/2020\/09\/u_ajax_1.jpg","datePublished":"2020-09-06T16:03:56+00:00","dateModified":"2022-02-10T10:30:52+00:00","breadcrumb":{"@id":"https:\/\/www.manganesexenergycorp.com\/de\/investoren\/aktienkurs-und-performance\/#breadcrumb"},"inLanguage":"de","potentialAction":[{"@type":"ReadAction","target":["https:\/\/www.manganesexenergycorp.com\/de\/investoren\/aktienkurs-und-performance\/"]}]},{"@type":"ImageObject","inLanguage":"de","@id":"https:\/\/www.manganesexenergycorp.com\/de\/investoren\/aktienkurs-und-performance\/#primaryimage","url":"https:\/\/www.manganesexenergycorp.com\/wp-content\/uploads\/2020\/09\/u_ajax_1.jpg","contentUrl":"https:\/\/www.manganesexenergycorp.com\/wp-content\/uploads\/2020\/09\/u_ajax_1.jpg","width":1680,"height":945},{"@type":"BreadcrumbList","@id":"https:\/\/www.manganesexenergycorp.com\/de\/investoren\/aktienkurs-und-performance\/#breadcrumb","itemListElement":[{"@type":"ListItem","position":1,"name":"Home","item":"https:\/\/www.manganesexenergycorp.com\/de\/"},{"@type":"ListItem","position":2,"name":"Investoren","item":"https:\/\/www.manganesexenergycorp.com\/de\/investoren\/"},{"@type":"ListItem","position":3,"name":"Aktienkurs und Performance"}]},{"@type":"WebSite","@id":"https:\/\/www.manganesexenergycorp.com\/de\/#website","url":"https:\/\/www.manganesexenergycorp.com\/de\/","name":"Manganese X Energy Corp.","description":"Mining the Future","publisher":{"@id":"https:\/\/www.manganesexenergycorp.com\/de\/#organization"},"potentialAction":[{"@type":"SearchAction","target":{"@type":"EntryPoint","urlTemplate":"https:\/\/www.manganesexenergycorp.com\/de\/?s={search_term_string}"},"query-input":{"@type":"PropertyValueSpecification","valueRequired":true,"valueName":"search_term_string"}}],"inLanguage":"de"},{"@type":"Organization","@id":"https:\/\/www.manganesexenergycorp.com\/de\/#organization","name":"Manganese X Energy Corp.","url":"https:\/\/www.manganesexenergycorp.com\/de\/","logo":{"@type":"ImageObject","inLanguage":"de","@id":"https:\/\/www.manganesexenergycorp.com\/de\/#\/schema\/logo\/image\/","url":"https:\/\/www.manganesexenergycorp.com\/wp-content\/uploads\/2020\/09\/logo-dark.png","contentUrl":"https:\/\/www.manganesexenergycorp.com\/wp-content\/uploads\/2020\/09\/logo-dark.png","width":4000,"height":1920,"caption":"Manganese X Energy Corp."},"image":{"@id":"https:\/\/www.manganesexenergycorp.com\/de\/#\/schema\/logo\/image\/"},"sameAs":["https:\/\/www.facebook.com\/Manganese-X-Energy-Corp-102953664741689\/","https:\/\/x.com\/XManganese","https:\/\/www.linkedin.com\/company\/manganese-x-energy-corp","https:\/\/www.youtube.com\/channel\/UC3LFYdP23ZUX10xTUXmpIHA"]}]}},"_links":{"self":[{"href":"https:\/\/www.manganesexenergycorp.com\/de\/wp-json\/wp\/v2\/pages\/496","targetHints":{"allow":["GET"]}}],"collection":[{"href":"https:\/\/www.manganesexenergycorp.com\/de\/wp-json\/wp\/v2\/pages"}],"about":[{"href":"https:\/\/www.manganesexenergycorp.com\/de\/wp-json\/wp\/v2\/types\/page"}],"author":[{"embeddable":true,"href":"https:\/\/www.manganesexenergycorp.com\/de\/wp-json\/wp\/v2\/users\/1"}],"replies":[{"embeddable":true,"href":"https:\/\/www.manganesexenergycorp.com\/de\/wp-json\/wp\/v2\/comments?post=496"}],"version-history":[{"count":10,"href":"https:\/\/www.manganesexenergycorp.com\/de\/wp-json\/wp\/v2\/pages\/496\/revisions"}],"predecessor-version":[{"id":3586,"href":"https:\/\/www.manganesexenergycorp.com\/de\/wp-json\/wp\/v2\/pages\/496\/revisions\/3586"}],"up":[{"embeddable":true,"href":"https:\/\/www.manganesexenergycorp.com\/de\/wp-json\/wp\/v2\/pages\/383"}],"wp:featuredmedia":[{"embeddable":true,"href":"https:\/\/www.manganesexenergycorp.com\/de\/wp-json\/wp\/v2\/media\/430"}],"wp:attachment":[{"href":"https:\/\/www.manganesexenergycorp.com\/de\/wp-json\/wp\/v2\/media?parent=496"}],"curies":[{"name":"wp","href":"https:\/\/api.w.org\/{rel}","templated":true}]}}