{"id":633,"date":"2020-09-11T09:05:14","date_gmt":"2020-09-11T09:05:14","guid":{"rendered":"https:\/\/www.manganesexenergycorp.com\/our-mission\/"},"modified":"2020-09-16T12:02:20","modified_gmt":"2020-09-16T12:02:20","slug":"unsere-mission","status":"publish","type":"page","link":"https:\/\/www.manganesexenergycorp.com\/de\/unternehmen\/unsere-mission\/","title":{"rendered":"Unsere Mission"},"content":{"rendered":"<div class=\"wpb-content-wrapper\"><p>[vc_row][vc_column][vc_empty_space]    <div class=\"breadcrumbs\" typeof=\"BreadcrumbList\" vocab=\"https:\/\/schema.org\/\">\n        <span property=\"itemListElement\" typeof=\"ListItem\"><a property=\"item\" typeof=\"WebPage\" title=\"Go to Manganese X Energy Corp..\" href=\"https:\/\/www.manganesexenergycorp.com\/de\/\" class=\"home\" ><span property=\"name\">Home<\/span><\/a><meta property=\"position\" content=\"1\"><\/span> &gt; <span property=\"itemListElement\" typeof=\"ListItem\"><a property=\"item\" typeof=\"WebPage\" title=\"Go to News.\" href=\"https:\/\/www.manganesexenergycorp.com\/de\/blog\/\" class=\"post-root post post-post\" aria-current=\"page\"><span property=\"name\">News<\/span><\/a><meta property=\"position\" content=\"2\"><\/span>    <\/div>\n    [vc_column_text]Unsere Strategie ist einfach: Sie besteht aus der weiteren Erforschung und Entwicklung unseres Manganvorkommens in New Brunswick. Denn wir glauben, dass Mangan ein Schl\u00fcsselelement in einer Industrie darstellen wird, f\u00fcr das die Marktforschungsgruppe Taiyou Research bis 2020 einen 30 Milliarden US-Dollar schweren Markt in wiederaufladbaren Lithium-Ionen-Batterien prognostiziert.<\/p>\n<p>Kurzgesagt ist Mangan eines der Elemente, das uns in die Zukunft leiten und das uns die weitverbreitete Einf\u00fchrung von Elektroautos und sauberen erneuerbaren Energien und erm\u00f6glichen wird.<\/p>\n<p>Die Nachfrage von Mangan wird steigen, da es immer h\u00e4ufiger in wiederaufladbaren Batterien benutzt wird, die man in Unterhaltungselektronik, Elektrofahrzeugen und Hybriden findet, sowie Batteriesystemen, die die Elektrizit\u00e4t speichern, welche man von Wind-, Solar-, oder Gezeitenkraftwerkanlagen gewinnt. Umweltverschmutzung und Klimawandel sind die gr\u00f6\u00dften Antreiber der globalen Umstellung auf saubere erneuerbare Energien. Sie sind nur wegen zwei gro\u00dfen Problemen noch nicht weit verbreitet: dem Mangel an wirtschaftlich effizienten Akkumulatorbatterien und den hohen Kosten von Solaranlagen. Das hat sich im vergangenen Jahrzehnt aber ge\u00e4ndert. Heutzutage stehen wir essenziell an der Schwelle der weltweiten Einf\u00fchrung sauberer Energien. Zum Beispiel berichtet die britische Tageszeitung The Guardian, dass die Kosten f\u00fcr Solaranlagen seit 2009 um 70 % gefallen sind.<\/p>\n<p>Die Lithium-Ionen-Batterie wurde entwickelt, weil es im Bereich der Unterhaltungselektronik ein Verlangen nach einer sicheren, effizienten und kosteng\u00fcnstigen wiederaufladbaren Batterie gab. Nun wird sie auch f\u00fcr Elektroautos verwendet, sowie f\u00fcr die station\u00e4re Stromspeicherung daheim, in B\u00fcros und im Kraftwerk selber.<\/p>\n<p>Aktuell gibt es am Markt sechs Formen von Lithium-Ionen-Batterie. Zwei dieser bewegen sich gerade auf die Marktspitze zu: die Mangandioxid- (LMO) und die Mangancobalt-Varianten (LMC). Es gibt f\u00fcnf Gr\u00fcnde, warum sie sich gerade im Aufschwung befinden: Sicherheit, Langlebigkeit, kurze Aufladezeit, bessere Wirtschaftlichkeit und eine bessere elektrische Leistungsanpassungsf\u00e4higkeit f\u00fcr den Endnutzer. W\u00e4hrend Cobalt, der Hauptkonkurrent von Mangan in diesem Bereich, 14 US-Dollar pro Pfund kostet, liegen die Kosten von Mangan bei lediglich 1 US-Dollar pro Pfund.<\/p>\n<p>3M verf\u00fcgt \u00fcber eine eigene patentierte NMC-Batterie, die auf der Arbeit von Dr. Jeff Dahn von der Dalhousie University basiert. Diese Batterie wird ebenfalls von LG Chem gebaut und von General Motors im Chevy Volt und anderen Elektroautos verwendet. Zudem wird sie auch im Nissan Leaf und im BMW i3 gebraucht. Tesla hat Dr. Dahn k\u00fcrzlich f\u00fcr einen Zeitraum von f\u00fcnf Jahren f\u00fcr die Forschung zur Senkung der Batteriekosten eingestellt. Der Markt ist angekommen: Im September 2015 wurden weltweit mehr als 1 000 000 Elektroautos produziert. Sie alle entwickeln Elektroautos: Volkswagen, Porsche, Mercedes. Jeder gro\u00dfe Autohersteller hat mindestens ein Elektroauto auf dem Rei\u00dfbrett, und einige sind entschlossen, von jedem Modell, das sie herstellen, eine Elektroversion zu produzieren. Ausgenommen von Tesla verwenden die Autohersteller durch die Bank Lithium-Mangan-Batterien f\u00fcr den Antrieb ihrer Fahrzeuge.<\/p>\n<p>Die Marktanalysefirma Navigant Research (seit einem Merger nun Guidehouse Insights) hat k\u00fcrzlich prognostiziert, dass allein der Markt f\u00fcr Lithium-Ionen-Autobatterien von 7,8 Milliarden US-Dollar im Jahr 2015 auf 30,6 Milliarden US-Dollar im Jahr 2024 ansteigen wird.<\/p>\n<p>Auch der Markt f\u00fcr Speicher- oder Nutzbatterien, d. h. Batterien, die zur Speicherung sauberer, durch Wind oder Sonne erzeugter Energie verwendet werden, wird voraussichtlich schnell wachsen. Siemens, General Electric, der britische multinationale Konzern National Grid und Duke Energy, die gr\u00f6\u00dfte Elektrizit\u00e4ts- und Gas-Holdinggesellschaft der USA, haben sich alle f\u00fcr Lithium-Ionen-Batterien entschieden.<\/p>\n<p>Das Forschungsunternehmen IHS hat vorausgesagt, dass der Energiespeichermarkt bis 2017 auf 19 Milliarden US-Dollar anwachsen wird.<\/p>\n<p>Die weltweiten Investitionen in saubere Energien stiegen im Jahr 2014 auf 270 Milliarden US-Dollar. China f\u00fchrte den Weg mit 89 Milliarden US-Dollar an Neugeldern f\u00fcr erneuerbare Energien an, gefolgt von den Vereinigten Staaten mit 51 Milliarden US-Dollar. Warren Buffet hat 1 Milliarde USD in saubere Energie investiert, und Bill Gates hat 1 Milliarde USD aus eigenen Mitteln und 2 Milliarden USD \u00fcber die Bill and Melinda Gates Foundation investiert.<\/p>\n<p>Es liegt auf der Hand, dass der Markt f\u00fcr Mangan durch die Nachfrage nach wiederaufladbaren Lithium-Mangan-Batterien ver\u00e4ndert werden wird.<\/p>\n<p>Gegenw\u00e4rtig entfallen 90 % der gesamten Manganproduktion auf die Herstellung von rostfreiem Stahl. Wenn die Nachfrage nach Batterien steigt, wird sich das \u00e4ndern. Die Vereinigten Staaten haben Mangan wegen seiner Verwendung in milit\u00e4rischer Hardware als Strategisches Metall eingestuft. In Europa wird Mangan als Kritisches Metall bezeichnet.<\/p>\n<p>Es gibt keine aktiven Manganminen in Nordamerika. In dem Ma\u00dfe, wie die Nachfrage nach Mangan steigt, werden die Vorteile der Manganbeschaffung in Nordamerika das Interesse junger Bergbauunternehmen an der Suche nach Mangan dort steigern. Der Schl\u00fcssel zur Nachfrage nach nordamerikanischem Mangan wird die Versorgungssicherheit in einer geopolitisch unsicheren Situation sein.<\/p>\n<p>China zum Beispiel, der zweitgr\u00f6\u00dfte Manganproduzent der Welt, hat vor kurzem einen Exportzoll von 20 % auf das Metall eingef\u00fchrt, um sein Mangan im eigenen Land zu halten.<\/p>\n<p>Die drei gr\u00f6\u00dften Produzenten im Jahr 2014 waren S\u00fcdafrika, China und Australien. In Sachen Batterieproduktion ist s\u00fcdafrikanisches Mangan leider nicht das qualitativ beste. Chinesisches Mangan ist hingegen aufgrund der Arbeitsbedingungen seiner Bergleute und der Verschmutzung, die es erzeugt, ethisch bedenklich. Die Menschen wollen ein Elektrofahrzeug kaufen und in Solarenergie investieren, weil sie etwas Gutes tun wollen. Die Verwendung von chinesischem Mangan w\u00fcrde ein Markenstigma kreieren, das niemandem gut stehen w\u00fcrde.<\/p>\n<p>Manganese X Energy Corp. beabsichtigt, durch die Erkundung und Erschlie\u00dfung ihres manganreichen Vorkommens in der N\u00e4he von Woodstock New Brunswick, dem Battery-Hill-Projekt, eine sichere ethisch einwandfreie Manganversorgung zu gew\u00e4hrleisten. Das Fraser Institute hat New Brunswick k\u00fcrzlich als eines der besten Bergbaugebiete Kanadas bezeichnet; ein Land, das sowieso als bergbaufreundlich bekannt ist.<\/p>\n<p>Bryan Way berichtete in seiner Masterarbeit \u00fcber die Manganvorkommen in Woodstock und Umgebung, dass es dort \u201ceine Reihe an B\u00e4ndererzformationen gibt, die zusammengerechnet die gr\u00f6\u00dfte Manganquelle in Nordamerika ergeben: ungef\u00e4hr 194 Millionen Tonnen\u201d.<\/p>\n<p>Das Battery-Hill-Projekt besteht aus 55 Claims, die insgesamt 1228 Hektar Fl\u00e4che in Carlton County, New Brunswick, darstellen. Es umfasst entweder alle oder Teile von f\u00fcnf Zonen mit Manganvorkommen: Iron Ore Hill, Moody Hill, Sharpe Farm, Wakefield und Maple Hill.<\/p>\n<p>In den Jahren 2010 und 2011, als Lithium-Ionen-Batterien zum Wachstumsmotor in der Batterieindustrie wurden, erzielten die j\u00fcngeren Firmen, die Lithium-, Graphit- und Kobaltvorkommen erkunden und erschlie\u00dfen, eine durchschnittliche Rendite von 407 %.<\/p>\n<p>Angesichts der Tatsache, dass immer mehr Batteriehersteller Mangan verwenden, um die Batteriekosten zu senken, die Gebrauchssicherheit zu erh\u00f6hen und schlichtweg ein besseres Produkt herzustellen, liegt es nahe, dass umweltfreundliche Manganbergbauer entsprechend profitieren werden.<\/p>\n<p>Produkte mit Mehrwert bieten eine bessere Kapitalrendite, und Manganese X Energy Corp. beabsichtigt davon zu profitieren, indem das Mangan von Battery Hill zu drei verschiedenen Produkten mit drei verschiedenen Cashflows raffiniert wird.<\/p>\n<p>Elektrolytisches Manganmetall (EMM), das f\u00fcr die Herstellung von Aluminium, rostfreiem Stahl und Legierungen relevant ist; elektrolytisches Mangandioxid (EMD), das in den Kathoden von wiederaufladbaren Lithium-Mangan- und Lithium-Kobalt-Mangan-Batterien Gebraucht findet; und granuliertes Mangansulfat, das als D\u00fcngemittel eingesetzt wird.<\/p>\n<p class=\"font_8\">Entwickeln Sie mit uns gemeinsam die Zukunft: TSXV: MN.<\/p>\n<p>[\/vc_column_text][vc_empty_space][\/vc_column][\/vc_row]<\/p>\n<\/div>","protected":false},"excerpt":{"rendered":"<p>[vc_row][vc_column][vc_empty_space][vc_column_text]Unsere Strategie ist einfach: Sie besteht aus der weiteren Erforschung und Entwicklung unseres Manganvorkommens in New Brunswick. Denn wir glauben, dass Mangan ein Schl\u00fcsselelement in einer Industrie darstellen wird, f\u00fcr das die Marktforschungsgruppe Taiyou Research bis 2020 einen 30 Milliarden US-Dollar schweren Markt in wiederaufladbaren Lithium-Ionen-Batterien prognostiziert. Kurzgesagt ist Mangan eines der Elemente, das uns [&hellip;]<\/p>\n","protected":false},"author":1,"featured_media":0,"parent":1343,"menu_order":1,"comment_status":"closed","ping_status":"closed","template":"","meta":{"_acf_changed":false,"footnotes":""},"class_list":["post-633","page","type-page","status-publish","hentry"],"acf":[],"yoast_head":"<!-- This site is optimized with the Yoast SEO plugin v27.2 - https:\/\/yoast.com\/product\/yoast-seo-wordpress\/ -->\n<title>Unsere Mission &#8211; Manganese X Energy Corp.<\/title>\n<meta name=\"robots\" content=\"index, follow, max-snippet:-1, max-image-preview:large, max-video-preview:-1\" \/>\n<link rel=\"canonical\" href=\"https:\/\/www.manganesexenergycorp.com\/de\/unternehmen\/unsere-mission\/\" \/>\n<meta property=\"og:locale\" content=\"de_DE\" \/>\n<meta property=\"og:type\" content=\"article\" \/>\n<meta property=\"og:title\" content=\"Unsere Mission &#8211; Manganese X Energy Corp.\" \/>\n<meta property=\"og:description\" content=\"[vc_row][vc_column][vc_empty_space][vc_column_text]Unsere Strategie ist einfach: Sie besteht aus der weiteren Erforschung und Entwicklung unseres Manganvorkommens in New Brunswick. Denn wir glauben, dass Mangan ein Schl\u00fcsselelement in einer Industrie darstellen wird, f\u00fcr das die Marktforschungsgruppe Taiyou Research bis 2020 einen 30 Milliarden US-Dollar schweren Markt in wiederaufladbaren Lithium-Ionen-Batterien prognostiziert. Kurzgesagt ist Mangan eines der Elemente, das uns [&hellip;]\" \/>\n<meta property=\"og:url\" content=\"https:\/\/www.manganesexenergycorp.com\/de\/unternehmen\/unsere-mission\/\" \/>\n<meta property=\"og:site_name\" content=\"Manganese X Energy Corp.\" \/>\n<meta property=\"article:publisher\" content=\"https:\/\/www.facebook.com\/Manganese-X-Energy-Corp-102953664741689\/\" \/>\n<meta property=\"article:modified_time\" content=\"2020-09-16T12:02:20+00:00\" \/>\n<meta name=\"twitter:card\" content=\"summary_large_image\" \/>\n<meta name=\"twitter:site\" content=\"@XManganese\" \/>\n<meta name=\"twitter:label1\" content=\"Gesch\u00e4tzte Lesezeit\" \/>\n\t<meta name=\"twitter:data1\" content=\"6\u00a0Minuten\" \/>\n<script type=\"application\/ld+json\" class=\"yoast-schema-graph\">{\"@context\":\"https:\/\/schema.org\",\"@graph\":[{\"@type\":\"WebPage\",\"@id\":\"https:\/\/www.manganesexenergycorp.com\/de\/unternehmen\/unsere-mission\/\",\"url\":\"https:\/\/www.manganesexenergycorp.com\/de\/unternehmen\/unsere-mission\/\",\"name\":\"Unsere Mission &#8211; Manganese X Energy Corp.\",\"isPartOf\":{\"@id\":\"https:\/\/www.manganesexenergycorp.com\/de\/#website\"},\"datePublished\":\"2020-09-11T09:05:14+00:00\",\"dateModified\":\"2020-09-16T12:02:20+00:00\",\"breadcrumb\":{\"@id\":\"https:\/\/www.manganesexenergycorp.com\/de\/unternehmen\/unsere-mission\/#breadcrumb\"},\"inLanguage\":\"de\",\"potentialAction\":[{\"@type\":\"ReadAction\",\"target\":[\"https:\/\/www.manganesexenergycorp.com\/de\/unternehmen\/unsere-mission\/\"]}]},{\"@type\":\"BreadcrumbList\",\"@id\":\"https:\/\/www.manganesexenergycorp.com\/de\/unternehmen\/unsere-mission\/#breadcrumb\",\"itemListElement\":[{\"@type\":\"ListItem\",\"position\":1,\"name\":\"Home\",\"item\":\"https:\/\/www.manganesexenergycorp.com\/de\/\"},{\"@type\":\"ListItem\",\"position\":2,\"name\":\"Unternehmen\",\"item\":\"https:\/\/www.manganesexenergycorp.com\/de\/unternehmen\/\"},{\"@type\":\"ListItem\",\"position\":3,\"name\":\"Unsere Mission\"}]},{\"@type\":\"WebSite\",\"@id\":\"https:\/\/www.manganesexenergycorp.com\/de\/#website\",\"url\":\"https:\/\/www.manganesexenergycorp.com\/de\/\",\"name\":\"Manganese X Energy Corp.\",\"description\":\"Mining the Future\",\"publisher\":{\"@id\":\"https:\/\/www.manganesexenergycorp.com\/de\/#organization\"},\"potentialAction\":[{\"@type\":\"SearchAction\",\"target\":{\"@type\":\"EntryPoint\",\"urlTemplate\":\"https:\/\/www.manganesexenergycorp.com\/de\/?s={search_term_string}\"},\"query-input\":{\"@type\":\"PropertyValueSpecification\",\"valueRequired\":true,\"valueName\":\"search_term_string\"}}],\"inLanguage\":\"de\"},{\"@type\":\"Organization\",\"@id\":\"https:\/\/www.manganesexenergycorp.com\/de\/#organization\",\"name\":\"Manganese X Energy Corp.\",\"url\":\"https:\/\/www.manganesexenergycorp.com\/de\/\",\"logo\":{\"@type\":\"ImageObject\",\"inLanguage\":\"de\",\"@id\":\"https:\/\/www.manganesexenergycorp.com\/de\/#\/schema\/logo\/image\/\",\"url\":\"https:\/\/www.manganesexenergycorp.com\/wp-content\/uploads\/2020\/09\/logo-dark.png\",\"contentUrl\":\"https:\/\/www.manganesexenergycorp.com\/wp-content\/uploads\/2020\/09\/logo-dark.png\",\"width\":4000,\"height\":1920,\"caption\":\"Manganese X Energy Corp.\"},\"image\":{\"@id\":\"https:\/\/www.manganesexenergycorp.com\/de\/#\/schema\/logo\/image\/\"},\"sameAs\":[\"https:\/\/www.facebook.com\/Manganese-X-Energy-Corp-102953664741689\/\",\"https:\/\/x.com\/XManganese\",\"https:\/\/www.linkedin.com\/company\/manganese-x-energy-corp\",\"https:\/\/www.youtube.com\/channel\/UC3LFYdP23ZUX10xTUXmpIHA\"]}]}<\/script>\n<!-- \/ Yoast SEO plugin. -->","yoast_head_json":{"title":"Unsere Mission &#8211; Manganese X Energy Corp.","robots":{"index":"index","follow":"follow","max-snippet":"max-snippet:-1","max-image-preview":"max-image-preview:large","max-video-preview":"max-video-preview:-1"},"canonical":"https:\/\/www.manganesexenergycorp.com\/de\/unternehmen\/unsere-mission\/","og_locale":"de_DE","og_type":"article","og_title":"Unsere Mission &#8211; Manganese X Energy Corp.","og_description":"[vc_row][vc_column][vc_empty_space][vc_column_text]Unsere Strategie ist einfach: Sie besteht aus der weiteren Erforschung und Entwicklung unseres Manganvorkommens in New Brunswick. Denn wir glauben, dass Mangan ein Schl\u00fcsselelement in einer Industrie darstellen wird, f\u00fcr das die Marktforschungsgruppe Taiyou Research bis 2020 einen 30 Milliarden US-Dollar schweren Markt in wiederaufladbaren Lithium-Ionen-Batterien prognostiziert. Kurzgesagt ist Mangan eines der Elemente, das uns [&hellip;]","og_url":"https:\/\/www.manganesexenergycorp.com\/de\/unternehmen\/unsere-mission\/","og_site_name":"Manganese X Energy Corp.","article_publisher":"https:\/\/www.facebook.com\/Manganese-X-Energy-Corp-102953664741689\/","article_modified_time":"2020-09-16T12:02:20+00:00","twitter_card":"summary_large_image","twitter_site":"@XManganese","twitter_misc":{"Gesch\u00e4tzte Lesezeit":"6\u00a0Minuten"},"schema":{"@context":"https:\/\/schema.org","@graph":[{"@type":"WebPage","@id":"https:\/\/www.manganesexenergycorp.com\/de\/unternehmen\/unsere-mission\/","url":"https:\/\/www.manganesexenergycorp.com\/de\/unternehmen\/unsere-mission\/","name":"Unsere Mission &#8211; Manganese X Energy Corp.","isPartOf":{"@id":"https:\/\/www.manganesexenergycorp.com\/de\/#website"},"datePublished":"2020-09-11T09:05:14+00:00","dateModified":"2020-09-16T12:02:20+00:00","breadcrumb":{"@id":"https:\/\/www.manganesexenergycorp.com\/de\/unternehmen\/unsere-mission\/#breadcrumb"},"inLanguage":"de","potentialAction":[{"@type":"ReadAction","target":["https:\/\/www.manganesexenergycorp.com\/de\/unternehmen\/unsere-mission\/"]}]},{"@type":"BreadcrumbList","@id":"https:\/\/www.manganesexenergycorp.com\/de\/unternehmen\/unsere-mission\/#breadcrumb","itemListElement":[{"@type":"ListItem","position":1,"name":"Home","item":"https:\/\/www.manganesexenergycorp.com\/de\/"},{"@type":"ListItem","position":2,"name":"Unternehmen","item":"https:\/\/www.manganesexenergycorp.com\/de\/unternehmen\/"},{"@type":"ListItem","position":3,"name":"Unsere Mission"}]},{"@type":"WebSite","@id":"https:\/\/www.manganesexenergycorp.com\/de\/#website","url":"https:\/\/www.manganesexenergycorp.com\/de\/","name":"Manganese X Energy Corp.","description":"Mining the Future","publisher":{"@id":"https:\/\/www.manganesexenergycorp.com\/de\/#organization"},"potentialAction":[{"@type":"SearchAction","target":{"@type":"EntryPoint","urlTemplate":"https:\/\/www.manganesexenergycorp.com\/de\/?s={search_term_string}"},"query-input":{"@type":"PropertyValueSpecification","valueRequired":true,"valueName":"search_term_string"}}],"inLanguage":"de"},{"@type":"Organization","@id":"https:\/\/www.manganesexenergycorp.com\/de\/#organization","name":"Manganese X Energy Corp.","url":"https:\/\/www.manganesexenergycorp.com\/de\/","logo":{"@type":"ImageObject","inLanguage":"de","@id":"https:\/\/www.manganesexenergycorp.com\/de\/#\/schema\/logo\/image\/","url":"https:\/\/www.manganesexenergycorp.com\/wp-content\/uploads\/2020\/09\/logo-dark.png","contentUrl":"https:\/\/www.manganesexenergycorp.com\/wp-content\/uploads\/2020\/09\/logo-dark.png","width":4000,"height":1920,"caption":"Manganese X Energy Corp."},"image":{"@id":"https:\/\/www.manganesexenergycorp.com\/de\/#\/schema\/logo\/image\/"},"sameAs":["https:\/\/www.facebook.com\/Manganese-X-Energy-Corp-102953664741689\/","https:\/\/x.com\/XManganese","https:\/\/www.linkedin.com\/company\/manganese-x-energy-corp","https:\/\/www.youtube.com\/channel\/UC3LFYdP23ZUX10xTUXmpIHA"]}]}},"_links":{"self":[{"href":"https:\/\/www.manganesexenergycorp.com\/de\/wp-json\/wp\/v2\/pages\/633","targetHints":{"allow":["GET"]}}],"collection":[{"href":"https:\/\/www.manganesexenergycorp.com\/de\/wp-json\/wp\/v2\/pages"}],"about":[{"href":"https:\/\/www.manganesexenergycorp.com\/de\/wp-json\/wp\/v2\/types\/page"}],"author":[{"embeddable":true,"href":"https:\/\/www.manganesexenergycorp.com\/de\/wp-json\/wp\/v2\/users\/1"}],"replies":[{"embeddable":true,"href":"https:\/\/www.manganesexenergycorp.com\/de\/wp-json\/wp\/v2\/comments?post=633"}],"version-history":[{"count":0,"href":"https:\/\/www.manganesexenergycorp.com\/de\/wp-json\/wp\/v2\/pages\/633\/revisions"}],"up":[{"embeddable":true,"href":"https:\/\/www.manganesexenergycorp.com\/de\/wp-json\/wp\/v2\/pages\/1343"}],"wp:attachment":[{"href":"https:\/\/www.manganesexenergycorp.com\/de\/wp-json\/wp\/v2\/media?parent=633"}],"curies":[{"name":"wp","href":"https:\/\/api.w.org\/{rel}","templated":true}]}}