{"id":992,"date":"2020-09-13T18:22:54","date_gmt":"2020-09-13T18:22:54","guid":{"rendered":"https:\/\/www.manganesexenergycorp.com\/properties\/hvac-disruptive-battery-corp\/"},"modified":"2020-09-16T12:06:32","modified_gmt":"2020-09-16T12:06:32","slug":"hvac-disruptive-battery-corp","status":"publish","type":"page","link":"https:\/\/www.manganesexenergycorp.com\/de\/projekte\/hvac-disruptive-battery-corp\/","title":{"rendered":"Disruptive Battery Corp. HVAC"},"content":{"rendered":"<div class=\"wpb-content-wrapper\"><p>[vc_section full_width=&#8220;stretch_row&#8220; css=&#8220;.vc_custom_1599345763773{padding-top: 0px !important;padding-bottom: 0px !important;background-color: #ececec !important;}&#8220;][vc_row full_width=&#8220;stretch_row&#8220; equal_height=&#8220;yes&#8220;][vc_column width=&#8220;1\/2&#8243; css=&#8220;.vc_custom_1599420765827{padding-top: 30px !important;padding-bottom: 30px !important;}&#8220; el_class=&#8220;content-column-left&#8220;]    <div class=\"breadcrumbs\" typeof=\"BreadcrumbList\" vocab=\"https:\/\/schema.org\/\">\n        <span property=\"itemListElement\" typeof=\"ListItem\"><a property=\"item\" typeof=\"WebPage\" title=\"Go to Manganese X Energy Corp..\" href=\"https:\/\/www.manganesexenergycorp.com\/de\/\" class=\"home\" ><span property=\"name\">Home<\/span><\/a><meta property=\"position\" content=\"1\"><\/span> &gt; <span property=\"itemListElement\" typeof=\"ListItem\"><a property=\"item\" typeof=\"WebPage\" title=\"Go to News.\" href=\"https:\/\/www.manganesexenergycorp.com\/de\/blog\/\" class=\"post-root post post-post\" aria-current=\"page\"><span property=\"name\">News<\/span><\/a><meta property=\"position\" content=\"2\"><\/span>    <\/div>\n    [vc_column_text]Disruptive Battery Corp. (\u201eDBC\u201c), eine hundertprozentige Tochtergesellschaft von Manganese X, ist erfreut, dass es bei ihrem patentierten \u201eDesinfektionsapparat\u201c-System signifkante Verbesserungen zu berichten gibt. Mit diesem k\u00f6nnen Luftdesinfektionsmittel (\u201eADAs\u201c) \u00fcber das HVAC-Verteilungssystem eines Geb\u00e4udes zirkulieren. HVAC ist dabei eine industrieg\u00e4ngige Abk\u00fcrzung f\u00fcr Heating, Ventilation and Air Conditioning, oder zu deutsch: Heizung, L\u00fcftung, Klimatechnik.<\/p>\n<p>Um ein Patent f\u00fcr ein System und Verfahren zur Luftreinigung in einer geschlossenen Umgebung zu erwerben, haben wir eine unverbindliche Absichtserkl\u00e4rung unterzeichnet. Dazu haben wir in einem 33-st\u00f6ckigen Wohnhaus im Raum Toronto Tests durchgef\u00fchrt, die die F\u00e4higkeiten des Systems zur Reinigung kontaminierter Wohnungseinheiten demonstrierten.<\/p>\n<p>Die Erfindung stellt eine Methode zur Reduzierung des mikrobiellen Niveaus von Geb\u00e4udeinnenr\u00e4umen dar. Das wird erreicht, indem man ein antimikrobielles \u00e4therisches \u00d6l verdampft und es in den Luftstrom des Geb\u00e4udes integriert. Das verdampfte \u00d6l wird dann durch die Luftkan\u00e4le des Geb\u00e4udes in die Innenluftzufuhr geleitet.<\/p>\n<p>Umweltingenieure wissen, dass Geb\u00e4udebel\u00fcftungssysteme effiziente Verbreiter von Viren und anderen Krankheitserregern sind. Wir glauben, dass die Anwendung dieses Patents eine Risikominderung f\u00fcr die Luftqualit\u00e4t in einer geschlossenen Umgebung bietet, indem wir ebendiese Systeme f\u00fcr n\u00fctzliche Zwecke einsetzen. Dar\u00fcber hinaus bietet diese Technologie das Potenzial f\u00fcr eine globale Skalierbarkeit.<\/p>\n<p>Das Unternehmen wird sich z\u00fcgig zu einer endg\u00fcltigen Vereinbarung hinbewegen und \u00fcber weitere Fortschritte rechtzeitig berichten \u2013 sowie dabei nat\u00fcrlich die geb\u00fchrende Sorgfalt walten zu lassen.<\/p>\n<p>Die Aufr\u00fcstung des Smart Sensor Actuators (\u201eSSA\u201c), an der aktuell gearbeitet wird, sorgt f\u00fcr eine massive Verbesserung in der Verteilung von ADAs, so dass das Niveau von Luft- und Oberfl\u00e4chensch\u00e4dlingen in jedem kommerziellen Geb\u00e4ude essenziell rund um die Uhr neutralisiert werden kann. Das System des Desinfektionsapparats kann auch nachger\u00fcstet und in Geb\u00e4uden bereits bestehende elektronische Smart Systems integriert werden.<\/p>\n<p>DBC f\u00fchrt derzeit Gespr\u00e4che mit potenziellen Partnern, um den Desinfektionsapparat mit einer zertifizierten, umweltfreundlichen und sicheren Desinfektionsmittelformulierung auszustatten.<\/p>\n<p>Raumluftqualit\u00e4t ist ein allgemein anerkanntes Anliegen, wie die Studie der University of Alberta \u00fcber die \u00dcbertragung von Krankheitserregern (einschlie\u00dflich COVID-19) \u00fcber das HVAC-Verteilungssystem eines Geb\u00e4udes zeigt. Sichere und gesunde Luft in R\u00e4ume zu bringen \u2013 von Mehrfamilienh\u00e4usern \u00fcber Schulen bis hin zu B\u00fcros \u2013 sei das Hauptthema des Projekts, sagt Lexuan Zhong, Professorin f\u00fcr Ingenieurswesen an der University of Alberta. Sie leitet die Forschungsarbeit.<\/p>\n<p>Sie nannte das Vorhaben eine \u201enicht-pharmazeutische Intervention\u201c, die, wenn sie erfolgreich sei, \u201eweitreichende Folgen\u201c vermeiden k\u00f6nne. \u201eDas ist genauso wertvoll wie Impfstoffforschung\u201c, sagte sie gegen\u00fcber Global News.<\/p>\n<p>Martin Kepman, CEO von Manganese X, erkl\u00e4rte dazu Folgendes: \u201eDBC arbeitet schnell, um diese Gelegenheit z\u00fcgig zu nutzen und das System auf den Markt zu bringen. Unser Desinfektionsapparatssystem ist mit aktueller HVAC-Technik kompatibel und wir entwickeln dazu einen akzeptablen und zugelassenen Dampf f\u00fcr die Ventilationsverteilung, der luft\u00fcbertragene und Oberfl\u00e4chensch\u00e4dlinge neutralisiert.\u201c<\/p>\n<p>\u201eDas Unternehmen wird mit Branchenexperten zusammenarbeiten, um sicherzustellen, dass wir \u00fcber eine lieferbare Technologie verf\u00fcgen, die nicht nur relevant, sondern auch die beste ihrer Klasse, ist.\u201c[\/vc_column_text][\/vc_column][vc_column width=&#8220;1\/2&#8243; el_class=&#8220;stretch-column-right&#8220;][vc_images_carousel images=&#8220;756&#8243; img_size=&#8220;full&#8220; onclick=&#8220;link_no&#8220; wrap=&#8220;yes&#8220;][\/vc_column][\/vc_row][\/vc_section][vc_section full_width=&#8220;stretch_row&#8220; css=&#8220;.vc_custom_1599550453736{padding-top: 60px !important;padding-bottom: 60px !important;}&#8220;][vc_row][vc_column][vc_column_text css=&#8220;.vc_custom_1599550518401{margin-bottom: 30px !important;}&#8220;]<\/p>\n<h2><strong>Blog<\/strong><\/h2>\n<p>[\/vc_column_text][vc_basic_grid post_type=&#8220;post&#8220; max_items=&#8220;3&#8243; item=&#8220;219&#8243; grid_id=&#8220;vc_gid:1600257637863-517fabaf-ada2-0&#8243;][vc_btn title=&#8220;Alle Neuigkeiten&#8220; align=&#8220;center&#8220; link=&#8220;url:https%3A%2F%2Fwww.manganesexenergycorp.com%2Fde%2Fblog%2F|title:Alle%20Neuigkeiten&#8220; el_class=&#8220;btn-green&#8220; css=&#8220;.vc_custom_1600257915047{margin-top: 20px !important;}&#8220;][\/vc_column][\/vc_row][\/vc_section]<\/p>\n<\/div>","protected":false},"excerpt":{"rendered":"<p>[vc_section full_width=&#8220;stretch_row&#8220; css=&#8220;.vc_custom_1599345763773{padding-top: 0px !important;padding-bottom: 0px !important;background-color: #ececec !important;}&#8220;][vc_row full_width=&#8220;stretch_row&#8220; equal_height=&#8220;yes&#8220;][vc_column width=&#8220;1\/2&#8243; css=&#8220;.vc_custom_1599420765827{padding-top: 30px !important;padding-bottom: 30px !important;}&#8220; el_class=&#8220;content-column-left&#8220;][vc_column_text]Disruptive Battery Corp. (\u201eDBC\u201c), eine hundertprozentige Tochtergesellschaft von Manganese X, ist erfreut, dass es bei ihrem patentierten \u201eDesinfektionsapparat\u201c-System signifkante Verbesserungen zu berichten gibt. Mit diesem k\u00f6nnen Luftdesinfektionsmittel (\u201eADAs\u201c) \u00fcber das HVAC-Verteilungssystem eines Geb\u00e4udes zirkulieren. HVAC ist dabei eine [&hellip;]<\/p>\n","protected":false},"author":1,"featured_media":0,"parent":379,"menu_order":0,"comment_status":"closed","ping_status":"closed","template":"","meta":{"_acf_changed":false,"footnotes":""},"class_list":["post-992","page","type-page","status-publish","hentry"],"acf":[],"yoast_head":"<!-- This site is optimized with the Yoast SEO plugin v27.4 - https:\/\/yoast.com\/product\/yoast-seo-wordpress\/ -->\n<title>Disruptive Battery Corp. HVAC &#8211; Manganese X Energy Corp.<\/title>\n<meta name=\"robots\" content=\"index, follow, max-snippet:-1, max-image-preview:large, max-video-preview:-1\" \/>\n<link rel=\"canonical\" href=\"https:\/\/www.manganesexenergycorp.com\/de\/projekte\/hvac-disruptive-battery-corp\/\" \/>\n<meta property=\"og:locale\" content=\"de_DE\" \/>\n<meta property=\"og:type\" content=\"article\" \/>\n<meta property=\"og:title\" content=\"Disruptive Battery Corp. HVAC &#8211; Manganese X Energy Corp.\" \/>\n<meta property=\"og:description\" content=\"[vc_section full_width=&#8220;stretch_row&#8220; css=&#8220;.vc_custom_1599345763773{padding-top: 0px !important;padding-bottom: 0px !important;background-color: #ececec !important;}&#8220;][vc_row full_width=&#8220;stretch_row&#8220; equal_height=&#8220;yes&#8220;][vc_column width=&#8220;1\/2&#8243; css=&#8220;.vc_custom_1599420765827{padding-top: 30px !important;padding-bottom: 30px !important;}&#8220; el_class=&#8220;content-column-left&#8220;][vc_column_text]Disruptive Battery Corp. (\u201eDBC\u201c), eine hundertprozentige Tochtergesellschaft von Manganese X, ist erfreut, dass es bei ihrem patentierten \u201eDesinfektionsapparat\u201c-System signifkante Verbesserungen zu berichten gibt. Mit diesem k\u00f6nnen Luftdesinfektionsmittel (\u201eADAs\u201c) \u00fcber das HVAC-Verteilungssystem eines Geb\u00e4udes zirkulieren. HVAC ist dabei eine [&hellip;]\" \/>\n<meta property=\"og:url\" content=\"https:\/\/www.manganesexenergycorp.com\/de\/projekte\/hvac-disruptive-battery-corp\/\" \/>\n<meta property=\"og:site_name\" content=\"Manganese X Energy Corp.\" \/>\n<meta property=\"article:publisher\" content=\"https:\/\/www.facebook.com\/Manganese-X-Energy-Corp-102953664741689\/\" \/>\n<meta property=\"article:modified_time\" content=\"2020-09-16T12:06:32+00:00\" \/>\n<meta name=\"twitter:card\" content=\"summary_large_image\" \/>\n<meta name=\"twitter:site\" content=\"@XManganese\" \/>\n<meta name=\"twitter:label1\" content=\"Gesch\u00e4tzte Lesezeit\" \/>\n\t<meta name=\"twitter:data1\" content=\"3\u00a0Minuten\" \/>\n<script type=\"application\/ld+json\" class=\"yoast-schema-graph\">{\"@context\":\"https:\\\/\\\/schema.org\",\"@graph\":[{\"@type\":\"WebPage\",\"@id\":\"https:\\\/\\\/www.manganesexenergycorp.com\\\/de\\\/projekte\\\/hvac-disruptive-battery-corp\\\/\",\"url\":\"https:\\\/\\\/www.manganesexenergycorp.com\\\/de\\\/projekte\\\/hvac-disruptive-battery-corp\\\/\",\"name\":\"Disruptive Battery Corp. HVAC &#8211; Manganese X Energy Corp.\",\"isPartOf\":{\"@id\":\"https:\\\/\\\/www.manganesexenergycorp.com\\\/de\\\/#website\"},\"datePublished\":\"2020-09-13T18:22:54+00:00\",\"dateModified\":\"2020-09-16T12:06:32+00:00\",\"breadcrumb\":{\"@id\":\"https:\\\/\\\/www.manganesexenergycorp.com\\\/de\\\/projekte\\\/hvac-disruptive-battery-corp\\\/#breadcrumb\"},\"inLanguage\":\"de\",\"potentialAction\":[{\"@type\":\"ReadAction\",\"target\":[\"https:\\\/\\\/www.manganesexenergycorp.com\\\/de\\\/projekte\\\/hvac-disruptive-battery-corp\\\/\"]}]},{\"@type\":\"BreadcrumbList\",\"@id\":\"https:\\\/\\\/www.manganesexenergycorp.com\\\/de\\\/projekte\\\/hvac-disruptive-battery-corp\\\/#breadcrumb\",\"itemListElement\":[{\"@type\":\"ListItem\",\"position\":1,\"name\":\"Home\",\"item\":\"https:\\\/\\\/www.manganesexenergycorp.com\\\/de\\\/\"},{\"@type\":\"ListItem\",\"position\":2,\"name\":\"Projekte\",\"item\":\"https:\\\/\\\/www.manganesexenergycorp.com\\\/de\\\/projekte\\\/\"},{\"@type\":\"ListItem\",\"position\":3,\"name\":\"Disruptive Battery Corp. HVAC\"}]},{\"@type\":\"WebSite\",\"@id\":\"https:\\\/\\\/www.manganesexenergycorp.com\\\/de\\\/#website\",\"url\":\"https:\\\/\\\/www.manganesexenergycorp.com\\\/de\\\/\",\"name\":\"Manganese X Energy Corp.\",\"description\":\"Mining the Future\",\"publisher\":{\"@id\":\"https:\\\/\\\/www.manganesexenergycorp.com\\\/de\\\/#organization\"},\"potentialAction\":[{\"@type\":\"SearchAction\",\"target\":{\"@type\":\"EntryPoint\",\"urlTemplate\":\"https:\\\/\\\/www.manganesexenergycorp.com\\\/de\\\/?s={search_term_string}\"},\"query-input\":{\"@type\":\"PropertyValueSpecification\",\"valueRequired\":true,\"valueName\":\"search_term_string\"}}],\"inLanguage\":\"de\"},{\"@type\":\"Organization\",\"@id\":\"https:\\\/\\\/www.manganesexenergycorp.com\\\/de\\\/#organization\",\"name\":\"Manganese X Energy Corp.\",\"url\":\"https:\\\/\\\/www.manganesexenergycorp.com\\\/de\\\/\",\"logo\":{\"@type\":\"ImageObject\",\"inLanguage\":\"de\",\"@id\":\"https:\\\/\\\/www.manganesexenergycorp.com\\\/de\\\/#\\\/schema\\\/logo\\\/image\\\/\",\"url\":\"https:\\\/\\\/www.manganesexenergycorp.com\\\/wp-content\\\/uploads\\\/2020\\\/09\\\/logo-dark.png\",\"contentUrl\":\"https:\\\/\\\/www.manganesexenergycorp.com\\\/wp-content\\\/uploads\\\/2020\\\/09\\\/logo-dark.png\",\"width\":4000,\"height\":1920,\"caption\":\"Manganese X Energy Corp.\"},\"image\":{\"@id\":\"https:\\\/\\\/www.manganesexenergycorp.com\\\/de\\\/#\\\/schema\\\/logo\\\/image\\\/\"},\"sameAs\":[\"https:\\\/\\\/www.facebook.com\\\/Manganese-X-Energy-Corp-102953664741689\\\/\",\"https:\\\/\\\/x.com\\\/XManganese\",\"https:\\\/\\\/www.linkedin.com\\\/company\\\/manganese-x-energy-corp\",\"https:\\\/\\\/www.youtube.com\\\/channel\\\/UC3LFYdP23ZUX10xTUXmpIHA\"]}]}<\/script>\n<!-- \/ Yoast SEO plugin. -->","yoast_head_json":{"title":"Disruptive Battery Corp. HVAC &#8211; Manganese X Energy Corp.","robots":{"index":"index","follow":"follow","max-snippet":"max-snippet:-1","max-image-preview":"max-image-preview:large","max-video-preview":"max-video-preview:-1"},"canonical":"https:\/\/www.manganesexenergycorp.com\/de\/projekte\/hvac-disruptive-battery-corp\/","og_locale":"de_DE","og_type":"article","og_title":"Disruptive Battery Corp. HVAC &#8211; Manganese X Energy Corp.","og_description":"[vc_section full_width=&#8220;stretch_row&#8220; css=&#8220;.vc_custom_1599345763773{padding-top: 0px !important;padding-bottom: 0px !important;background-color: #ececec !important;}&#8220;][vc_row full_width=&#8220;stretch_row&#8220; equal_height=&#8220;yes&#8220;][vc_column width=&#8220;1\/2&#8243; css=&#8220;.vc_custom_1599420765827{padding-top: 30px !important;padding-bottom: 30px !important;}&#8220; el_class=&#8220;content-column-left&#8220;][vc_column_text]Disruptive Battery Corp. (\u201eDBC\u201c), eine hundertprozentige Tochtergesellschaft von Manganese X, ist erfreut, dass es bei ihrem patentierten \u201eDesinfektionsapparat\u201c-System signifkante Verbesserungen zu berichten gibt. Mit diesem k\u00f6nnen Luftdesinfektionsmittel (\u201eADAs\u201c) \u00fcber das HVAC-Verteilungssystem eines Geb\u00e4udes zirkulieren. HVAC ist dabei eine [&hellip;]","og_url":"https:\/\/www.manganesexenergycorp.com\/de\/projekte\/hvac-disruptive-battery-corp\/","og_site_name":"Manganese X Energy Corp.","article_publisher":"https:\/\/www.facebook.com\/Manganese-X-Energy-Corp-102953664741689\/","article_modified_time":"2020-09-16T12:06:32+00:00","twitter_card":"summary_large_image","twitter_site":"@XManganese","twitter_misc":{"Gesch\u00e4tzte Lesezeit":"3\u00a0Minuten"},"schema":{"@context":"https:\/\/schema.org","@graph":[{"@type":"WebPage","@id":"https:\/\/www.manganesexenergycorp.com\/de\/projekte\/hvac-disruptive-battery-corp\/","url":"https:\/\/www.manganesexenergycorp.com\/de\/projekte\/hvac-disruptive-battery-corp\/","name":"Disruptive Battery Corp. HVAC &#8211; Manganese X Energy Corp.","isPartOf":{"@id":"https:\/\/www.manganesexenergycorp.com\/de\/#website"},"datePublished":"2020-09-13T18:22:54+00:00","dateModified":"2020-09-16T12:06:32+00:00","breadcrumb":{"@id":"https:\/\/www.manganesexenergycorp.com\/de\/projekte\/hvac-disruptive-battery-corp\/#breadcrumb"},"inLanguage":"de","potentialAction":[{"@type":"ReadAction","target":["https:\/\/www.manganesexenergycorp.com\/de\/projekte\/hvac-disruptive-battery-corp\/"]}]},{"@type":"BreadcrumbList","@id":"https:\/\/www.manganesexenergycorp.com\/de\/projekte\/hvac-disruptive-battery-corp\/#breadcrumb","itemListElement":[{"@type":"ListItem","position":1,"name":"Home","item":"https:\/\/www.manganesexenergycorp.com\/de\/"},{"@type":"ListItem","position":2,"name":"Projekte","item":"https:\/\/www.manganesexenergycorp.com\/de\/projekte\/"},{"@type":"ListItem","position":3,"name":"Disruptive Battery Corp. HVAC"}]},{"@type":"WebSite","@id":"https:\/\/www.manganesexenergycorp.com\/de\/#website","url":"https:\/\/www.manganesexenergycorp.com\/de\/","name":"Manganese X Energy Corp.","description":"Mining the Future","publisher":{"@id":"https:\/\/www.manganesexenergycorp.com\/de\/#organization"},"potentialAction":[{"@type":"SearchAction","target":{"@type":"EntryPoint","urlTemplate":"https:\/\/www.manganesexenergycorp.com\/de\/?s={search_term_string}"},"query-input":{"@type":"PropertyValueSpecification","valueRequired":true,"valueName":"search_term_string"}}],"inLanguage":"de"},{"@type":"Organization","@id":"https:\/\/www.manganesexenergycorp.com\/de\/#organization","name":"Manganese X Energy Corp.","url":"https:\/\/www.manganesexenergycorp.com\/de\/","logo":{"@type":"ImageObject","inLanguage":"de","@id":"https:\/\/www.manganesexenergycorp.com\/de\/#\/schema\/logo\/image\/","url":"https:\/\/www.manganesexenergycorp.com\/wp-content\/uploads\/2020\/09\/logo-dark.png","contentUrl":"https:\/\/www.manganesexenergycorp.com\/wp-content\/uploads\/2020\/09\/logo-dark.png","width":4000,"height":1920,"caption":"Manganese X Energy Corp."},"image":{"@id":"https:\/\/www.manganesexenergycorp.com\/de\/#\/schema\/logo\/image\/"},"sameAs":["https:\/\/www.facebook.com\/Manganese-X-Energy-Corp-102953664741689\/","https:\/\/x.com\/XManganese","https:\/\/www.linkedin.com\/company\/manganese-x-energy-corp","https:\/\/www.youtube.com\/channel\/UC3LFYdP23ZUX10xTUXmpIHA"]}]}},"_links":{"self":[{"href":"https:\/\/www.manganesexenergycorp.com\/de\/wp-json\/wp\/v2\/pages\/992","targetHints":{"allow":["GET"]}}],"collection":[{"href":"https:\/\/www.manganesexenergycorp.com\/de\/wp-json\/wp\/v2\/pages"}],"about":[{"href":"https:\/\/www.manganesexenergycorp.com\/de\/wp-json\/wp\/v2\/types\/page"}],"author":[{"embeddable":true,"href":"https:\/\/www.manganesexenergycorp.com\/de\/wp-json\/wp\/v2\/users\/1"}],"replies":[{"embeddable":true,"href":"https:\/\/www.manganesexenergycorp.com\/de\/wp-json\/wp\/v2\/comments?post=992"}],"version-history":[{"count":0,"href":"https:\/\/www.manganesexenergycorp.com\/de\/wp-json\/wp\/v2\/pages\/992\/revisions"}],"up":[{"embeddable":true,"href":"https:\/\/www.manganesexenergycorp.com\/de\/wp-json\/wp\/v2\/pages\/379"}],"wp:attachment":[{"href":"https:\/\/www.manganesexenergycorp.com\/de\/wp-json\/wp\/v2\/media?parent=992"}],"curies":[{"name":"wp","href":"https:\/\/api.w.org\/{rel}","templated":true}]}}