{"id":993,"date":"2020-09-13T20:45:33","date_gmt":"2020-09-13T20:45:33","guid":{"rendered":"https:\/\/www.manganesexenergycorp.com\/properties\/metallurgy\/"},"modified":"2020-09-16T12:08:45","modified_gmt":"2020-09-16T12:08:45","slug":"metallurgy","status":"publish","type":"page","link":"https:\/\/www.manganesexenergycorp.com\/de\/projekte\/metallurgy\/","title":{"rendered":"Metallurgie"},"content":{"rendered":"<div class=\"wpb-content-wrapper\"><p>[vc_section full_width=&#8220;stretch_row&#8220; css=&#8220;.vc_custom_1599345763773{padding-top: 0px !important;padding-bottom: 0px !important;background-color: #ececec !important;}&#8220;][vc_row full_width=&#8220;stretch_row&#8220; equal_height=&#8220;yes&#8220;][vc_column width=&#8220;1\/2&#8243; css=&#8220;.vc_custom_1599420765827{padding-top: 30px !important;padding-bottom: 30px !important;}&#8220; el_class=&#8220;content-column-left&#8220;]    <div class=\"breadcrumbs\" typeof=\"BreadcrumbList\" vocab=\"https:\/\/schema.org\/\">\n        <span property=\"itemListElement\" typeof=\"ListItem\"><a property=\"item\" typeof=\"WebPage\" title=\"Go to Manganese X Energy Corp..\" href=\"https:\/\/www.manganesexenergycorp.com\/de\/\" class=\"home\" ><span property=\"name\">Home<\/span><\/a><meta property=\"position\" content=\"1\"><\/span> &gt; <span property=\"itemListElement\" typeof=\"ListItem\"><a property=\"item\" typeof=\"WebPage\" title=\"Go to News.\" href=\"https:\/\/www.manganesexenergycorp.com\/de\/blog\/\" class=\"post-root post post-post\" aria-current=\"page\"><span property=\"name\">News<\/span><\/a><meta property=\"position\" content=\"2\"><\/span>    <\/div>\n    [vc_column_text]Wir haben von Kemetco Research Inc. (Kemetco) weitere vorteilhafte metallurgische Ergebnisse im Entwicklungsprozess erhalten, der nun eine gr\u00f6\u00dfere Effizienz und verbesserte Wirtschaftlichkeit bis hin zur Kommerzialisierung aufweist.<\/p>\n<p>Phase 1 der Entwicklung haben wir dann mit Reinheitswerten bei Mangansulfat von \u00fcber 99,95 % abgeschlossen, mit niedrigen Gehalten an unedlen und Alkalimetallen. Das Material selbst wurde von den Ressouren bei Battery Hill gewonnen. Diese Spitzenleistung beweist, dass das Ressourcenmaterial zum Beispiel Elektrofahrzeugen oder anderen Anforderungen mehr als gerecht wird.<\/p>\n<p>In Phase 2 wurden verschiedene metallurgische Massentests im Laborma\u00dfstab durchgef\u00fchrt, und die Ergebnisse zur Optimierung der Auslaugung, Neutralisierung und Fest-Fl\u00fcssig-Trennung sind sehr positiv. Aktuell treiben wir weiterhin die Entwicklung eines praktikablen Extraktionsprozesses und eines Flie\u00dfschemas voran, um die ben\u00f6tigten Reinigungsschritte weiter zu reduzieren, was im Erfolgsfall zu gro\u00dfen Kostenvorteilen f\u00fchren k\u00f6nnte.<\/p>\n<p>Um den Manganextraktionsprozess weiter zu optimieren, arbeiten wir zudem weiterhin an der Ausweitung der ger\u00fchrten Auslaugungstests unter einer Reihe von Betriebsbedingungen, sowie an der Vorbereitungsprozessierung des Einsatzmaterials. Als Unternehmen entwickeln wir zusammen mit Kemetco ein kommerziell verwertbares Flussbild zur Herstellung ultrahochreiner Manganprodukte in Batteriegebrauchsqualit\u00e4t f\u00fcr den wachsenden Elektrofahrzeug- und Energiespeichersektor. Dabei nutzen wir die ethische und nachhaltige Mineralisierung in Battery Hill in Nordamerika.<\/p>\n<p>Martin Kepman, CEO von Manganese X, kommentiert dazu: \u201eWir freuen uns dar\u00fcber, dass der Einsatz von Mangan im Bereich der Elektrofahrzeuge und der Energiespeicherung anhaltende Best\u00e4tigung erf\u00e4hrt. Mangansulfat (MnSO4) hat sich als kritisches Material f\u00fcr EV-Batterien erwiesen. Die Verwendung von MnSO4 wird von der Notwendigkeit angetrieben, den Preis pro kWh einer Hochleistungs-EV-Batterie zu reduzieren. Wir gedenken einen kosteng\u00fcnstigen Produktionsprozess mit dem Gebrauch von Manganerz zu entwickeln, welches auf unserem Grundst\u00fcck in New Brunswick leicht erh\u00e4ltlich ist. Die wichtigsten \u00dcberlegungen sind dabei niedrige Kosten, hohe Energiedichte und lange Batterielebensdauer. Wir haben eine gro\u00dfartige Gelegenheit, unser wertvolles Kapital zu nutzen, indem wir eine Energiel\u00f6sung mit dem Label made in North America anbieten, die ethisch, wirtschaftlich und kohlenstoffarm ist\u201c.[\/vc_column_text][vc_column_text]                <div href=\"javascript:void(0)\" class=\"wsgdprvideo_img\" \n                     \n                    data-yid=\"Z1hpYRBefuk\" \n                    data-source=\"youtube\" \n                    data-color-default=\"#000\"\n                    data-color-active=\"#8FC740\"\n                    data-button-class=\"ws-default-btn\"\n                    data-use-bootstrap=\"0\"\n                    data-modal-id=\"#wsgdprvideoModal1\"\n                    >\n                    <img loading=\"lazy\" decoding=\"async\" src=\"https:\/\/www.manganesexenergycorp.com\/wp-content\/uploads\/2020\/09\/youtube3.png\" width=\"500\" height=\"266\" alt=\"\" title=\"\" \/>\n                    <div class=\"play_icon\">&#x25ba;<\/div>\n                    <div style=\"display:none\" class=\"accept-youtube accept-img\">\n                        Due to laws such as the GDPR and CCPA, we need your consent to load data from YouTube.<br\/>You can find more info in our\t\t\t\t\t\t<!-- de -->\n                        <a href=\"\/de\/datenschutzerklaerung\/\" class=\"privacy_policy\" target=\"_blank\">\n                            Datenschutzerkl\u00e4rung                        <\/a>\n                        <br\/><div class=\"wsgdprvideo_acception\" >\n                            Akzeptieren                        <\/div>\n                    <\/div>\n                <\/div>\n        [\/vc_column_text][\/vc_column][vc_column width=&#8220;1\/2&#8243; el_class=&#8220;stretch-column-right&#8220;][vc_images_carousel images=&#8220;818,1158,1168,1150,1152,1154,1162,1156,1164,1160,1166,852&#8243; img_size=&#8220;full&#8220; wrap=&#8220;yes&#8220;][\/vc_column][\/vc_row][\/vc_section][vc_section full_width=&#8220;stretch_row&#8220; css=&#8220;.vc_custom_1599550453736{padding-top: 60px !important;padding-bottom: 60px !important;}&#8220;][vc_row][vc_column][vc_column_text css=&#8220;.vc_custom_1599550518401{margin-bottom: 30px !important;}&#8220;]<\/p>\n<h2><strong>Blog<\/strong><\/h2>\n<p>[\/vc_column_text][vc_basic_grid post_type=&#8220;post&#8220; max_items=&#8220;3&#8243; item=&#8220;219&#8243; grid_id=&#8220;vc_gid:1600257637863-517fabaf-ada2-0&#8243;][vc_btn title=&#8220;Alle Neuigkeiten&#8220; align=&#8220;center&#8220; link=&#8220;url:https%3A%2F%2Fwww.manganesexenergycorp.com%2Fde%2Fblog%2F|title:Alle%20Neuigkeiten&#8220; el_class=&#8220;btn-green&#8220; css=&#8220;.vc_custom_1600257915047{margin-top: 20px !important;}&#8220;][\/vc_column][\/vc_row][\/vc_section]<\/p>\n<\/div>","protected":false},"excerpt":{"rendered":"<p>[vc_section full_width=&#8220;stretch_row&#8220; css=&#8220;.vc_custom_1599345763773{padding-top: 0px !important;padding-bottom: 0px !important;background-color: #ececec !important;}&#8220;][vc_row full_width=&#8220;stretch_row&#8220; equal_height=&#8220;yes&#8220;][vc_column width=&#8220;1\/2&#8243; css=&#8220;.vc_custom_1599420765827{padding-top: 30px !important;padding-bottom: 30px !important;}&#8220; el_class=&#8220;content-column-left&#8220;][vc_column_text]Wir haben von Kemetco Research Inc. (Kemetco) weitere vorteilhafte metallurgische Ergebnisse im Entwicklungsprozess erhalten, der nun eine gr\u00f6\u00dfere Effizienz und verbesserte Wirtschaftlichkeit bis hin zur Kommerzialisierung aufweist. Phase 1 der Entwicklung haben wir dann mit Reinheitswerten bei Mangansulfat [&hellip;]<\/p>\n","protected":false},"author":1,"featured_media":0,"parent":379,"menu_order":0,"comment_status":"closed","ping_status":"closed","template":"","meta":{"_acf_changed":false,"footnotes":""},"class_list":["post-993","page","type-page","status-publish","hentry"],"acf":[],"yoast_head":"<!-- This site is optimized with the Yoast SEO plugin v27.4 - https:\/\/yoast.com\/product\/yoast-seo-wordpress\/ -->\n<title>Metallurgie &#8211; Manganese X Energy Corp.<\/title>\n<meta name=\"robots\" content=\"index, follow, max-snippet:-1, max-image-preview:large, max-video-preview:-1\" \/>\n<link rel=\"canonical\" href=\"https:\/\/www.manganesexenergycorp.com\/de\/projekte\/metallurgy\/\" \/>\n<meta property=\"og:locale\" content=\"de_DE\" \/>\n<meta property=\"og:type\" content=\"article\" \/>\n<meta property=\"og:title\" content=\"Metallurgie &#8211; Manganese X Energy Corp.\" \/>\n<meta property=\"og:description\" content=\"[vc_section full_width=&#8220;stretch_row&#8220; css=&#8220;.vc_custom_1599345763773{padding-top: 0px !important;padding-bottom: 0px !important;background-color: #ececec !important;}&#8220;][vc_row full_width=&#8220;stretch_row&#8220; equal_height=&#8220;yes&#8220;][vc_column width=&#8220;1\/2&#8243; css=&#8220;.vc_custom_1599420765827{padding-top: 30px !important;padding-bottom: 30px !important;}&#8220; el_class=&#8220;content-column-left&#8220;][vc_column_text]Wir haben von Kemetco Research Inc. (Kemetco) weitere vorteilhafte metallurgische Ergebnisse im Entwicklungsprozess erhalten, der nun eine gr\u00f6\u00dfere Effizienz und verbesserte Wirtschaftlichkeit bis hin zur Kommerzialisierung aufweist. Phase 1 der Entwicklung haben wir dann mit Reinheitswerten bei Mangansulfat [&hellip;]\" \/>\n<meta property=\"og:url\" content=\"https:\/\/www.manganesexenergycorp.com\/de\/projekte\/metallurgy\/\" \/>\n<meta property=\"og:site_name\" content=\"Manganese X Energy Corp.\" \/>\n<meta property=\"article:publisher\" content=\"https:\/\/www.facebook.com\/Manganese-X-Energy-Corp-102953664741689\/\" \/>\n<meta property=\"article:modified_time\" content=\"2020-09-16T12:08:45+00:00\" \/>\n<meta name=\"twitter:card\" content=\"summary_large_image\" \/>\n<meta name=\"twitter:site\" content=\"@XManganese\" \/>\n<meta name=\"twitter:label1\" content=\"Gesch\u00e4tzte Lesezeit\" \/>\n\t<meta name=\"twitter:data1\" content=\"2\u00a0Minuten\" \/>\n<script type=\"application\/ld+json\" class=\"yoast-schema-graph\">{\"@context\":\"https:\\\/\\\/schema.org\",\"@graph\":[{\"@type\":\"WebPage\",\"@id\":\"https:\\\/\\\/www.manganesexenergycorp.com\\\/de\\\/projekte\\\/metallurgy\\\/\",\"url\":\"https:\\\/\\\/www.manganesexenergycorp.com\\\/de\\\/projekte\\\/metallurgy\\\/\",\"name\":\"Metallurgie &#8211; Manganese X Energy Corp.\",\"isPartOf\":{\"@id\":\"https:\\\/\\\/www.manganesexenergycorp.com\\\/de\\\/#website\"},\"datePublished\":\"2020-09-13T20:45:33+00:00\",\"dateModified\":\"2020-09-16T12:08:45+00:00\",\"breadcrumb\":{\"@id\":\"https:\\\/\\\/www.manganesexenergycorp.com\\\/de\\\/projekte\\\/metallurgy\\\/#breadcrumb\"},\"inLanguage\":\"de\",\"potentialAction\":[{\"@type\":\"ReadAction\",\"target\":[\"https:\\\/\\\/www.manganesexenergycorp.com\\\/de\\\/projekte\\\/metallurgy\\\/\"]}]},{\"@type\":\"BreadcrumbList\",\"@id\":\"https:\\\/\\\/www.manganesexenergycorp.com\\\/de\\\/projekte\\\/metallurgy\\\/#breadcrumb\",\"itemListElement\":[{\"@type\":\"ListItem\",\"position\":1,\"name\":\"Home\",\"item\":\"https:\\\/\\\/www.manganesexenergycorp.com\\\/de\\\/\"},{\"@type\":\"ListItem\",\"position\":2,\"name\":\"Projekte\",\"item\":\"https:\\\/\\\/www.manganesexenergycorp.com\\\/de\\\/projekte\\\/\"},{\"@type\":\"ListItem\",\"position\":3,\"name\":\"Metallurgie\"}]},{\"@type\":\"WebSite\",\"@id\":\"https:\\\/\\\/www.manganesexenergycorp.com\\\/de\\\/#website\",\"url\":\"https:\\\/\\\/www.manganesexenergycorp.com\\\/de\\\/\",\"name\":\"Manganese X Energy Corp.\",\"description\":\"Mining the Future\",\"publisher\":{\"@id\":\"https:\\\/\\\/www.manganesexenergycorp.com\\\/de\\\/#organization\"},\"potentialAction\":[{\"@type\":\"SearchAction\",\"target\":{\"@type\":\"EntryPoint\",\"urlTemplate\":\"https:\\\/\\\/www.manganesexenergycorp.com\\\/de\\\/?s={search_term_string}\"},\"query-input\":{\"@type\":\"PropertyValueSpecification\",\"valueRequired\":true,\"valueName\":\"search_term_string\"}}],\"inLanguage\":\"de\"},{\"@type\":\"Organization\",\"@id\":\"https:\\\/\\\/www.manganesexenergycorp.com\\\/de\\\/#organization\",\"name\":\"Manganese X Energy Corp.\",\"url\":\"https:\\\/\\\/www.manganesexenergycorp.com\\\/de\\\/\",\"logo\":{\"@type\":\"ImageObject\",\"inLanguage\":\"de\",\"@id\":\"https:\\\/\\\/www.manganesexenergycorp.com\\\/de\\\/#\\\/schema\\\/logo\\\/image\\\/\",\"url\":\"https:\\\/\\\/www.manganesexenergycorp.com\\\/wp-content\\\/uploads\\\/2020\\\/09\\\/logo-dark.png\",\"contentUrl\":\"https:\\\/\\\/www.manganesexenergycorp.com\\\/wp-content\\\/uploads\\\/2020\\\/09\\\/logo-dark.png\",\"width\":4000,\"height\":1920,\"caption\":\"Manganese X Energy Corp.\"},\"image\":{\"@id\":\"https:\\\/\\\/www.manganesexenergycorp.com\\\/de\\\/#\\\/schema\\\/logo\\\/image\\\/\"},\"sameAs\":[\"https:\\\/\\\/www.facebook.com\\\/Manganese-X-Energy-Corp-102953664741689\\\/\",\"https:\\\/\\\/x.com\\\/XManganese\",\"https:\\\/\\\/www.linkedin.com\\\/company\\\/manganese-x-energy-corp\",\"https:\\\/\\\/www.youtube.com\\\/channel\\\/UC3LFYdP23ZUX10xTUXmpIHA\"]}]}<\/script>\n<!-- \/ Yoast SEO plugin. -->","yoast_head_json":{"title":"Metallurgie &#8211; Manganese X Energy Corp.","robots":{"index":"index","follow":"follow","max-snippet":"max-snippet:-1","max-image-preview":"max-image-preview:large","max-video-preview":"max-video-preview:-1"},"canonical":"https:\/\/www.manganesexenergycorp.com\/de\/projekte\/metallurgy\/","og_locale":"de_DE","og_type":"article","og_title":"Metallurgie &#8211; Manganese X Energy Corp.","og_description":"[vc_section full_width=&#8220;stretch_row&#8220; css=&#8220;.vc_custom_1599345763773{padding-top: 0px !important;padding-bottom: 0px !important;background-color: #ececec !important;}&#8220;][vc_row full_width=&#8220;stretch_row&#8220; equal_height=&#8220;yes&#8220;][vc_column width=&#8220;1\/2&#8243; css=&#8220;.vc_custom_1599420765827{padding-top: 30px !important;padding-bottom: 30px !important;}&#8220; el_class=&#8220;content-column-left&#8220;][vc_column_text]Wir haben von Kemetco Research Inc. (Kemetco) weitere vorteilhafte metallurgische Ergebnisse im Entwicklungsprozess erhalten, der nun eine gr\u00f6\u00dfere Effizienz und verbesserte Wirtschaftlichkeit bis hin zur Kommerzialisierung aufweist. Phase 1 der Entwicklung haben wir dann mit Reinheitswerten bei Mangansulfat [&hellip;]","og_url":"https:\/\/www.manganesexenergycorp.com\/de\/projekte\/metallurgy\/","og_site_name":"Manganese X Energy Corp.","article_publisher":"https:\/\/www.facebook.com\/Manganese-X-Energy-Corp-102953664741689\/","article_modified_time":"2020-09-16T12:08:45+00:00","twitter_card":"summary_large_image","twitter_site":"@XManganese","twitter_misc":{"Gesch\u00e4tzte Lesezeit":"2\u00a0Minuten"},"schema":{"@context":"https:\/\/schema.org","@graph":[{"@type":"WebPage","@id":"https:\/\/www.manganesexenergycorp.com\/de\/projekte\/metallurgy\/","url":"https:\/\/www.manganesexenergycorp.com\/de\/projekte\/metallurgy\/","name":"Metallurgie &#8211; Manganese X Energy Corp.","isPartOf":{"@id":"https:\/\/www.manganesexenergycorp.com\/de\/#website"},"datePublished":"2020-09-13T20:45:33+00:00","dateModified":"2020-09-16T12:08:45+00:00","breadcrumb":{"@id":"https:\/\/www.manganesexenergycorp.com\/de\/projekte\/metallurgy\/#breadcrumb"},"inLanguage":"de","potentialAction":[{"@type":"ReadAction","target":["https:\/\/www.manganesexenergycorp.com\/de\/projekte\/metallurgy\/"]}]},{"@type":"BreadcrumbList","@id":"https:\/\/www.manganesexenergycorp.com\/de\/projekte\/metallurgy\/#breadcrumb","itemListElement":[{"@type":"ListItem","position":1,"name":"Home","item":"https:\/\/www.manganesexenergycorp.com\/de\/"},{"@type":"ListItem","position":2,"name":"Projekte","item":"https:\/\/www.manganesexenergycorp.com\/de\/projekte\/"},{"@type":"ListItem","position":3,"name":"Metallurgie"}]},{"@type":"WebSite","@id":"https:\/\/www.manganesexenergycorp.com\/de\/#website","url":"https:\/\/www.manganesexenergycorp.com\/de\/","name":"Manganese X Energy Corp.","description":"Mining the Future","publisher":{"@id":"https:\/\/www.manganesexenergycorp.com\/de\/#organization"},"potentialAction":[{"@type":"SearchAction","target":{"@type":"EntryPoint","urlTemplate":"https:\/\/www.manganesexenergycorp.com\/de\/?s={search_term_string}"},"query-input":{"@type":"PropertyValueSpecification","valueRequired":true,"valueName":"search_term_string"}}],"inLanguage":"de"},{"@type":"Organization","@id":"https:\/\/www.manganesexenergycorp.com\/de\/#organization","name":"Manganese X Energy Corp.","url":"https:\/\/www.manganesexenergycorp.com\/de\/","logo":{"@type":"ImageObject","inLanguage":"de","@id":"https:\/\/www.manganesexenergycorp.com\/de\/#\/schema\/logo\/image\/","url":"https:\/\/www.manganesexenergycorp.com\/wp-content\/uploads\/2020\/09\/logo-dark.png","contentUrl":"https:\/\/www.manganesexenergycorp.com\/wp-content\/uploads\/2020\/09\/logo-dark.png","width":4000,"height":1920,"caption":"Manganese X Energy Corp."},"image":{"@id":"https:\/\/www.manganesexenergycorp.com\/de\/#\/schema\/logo\/image\/"},"sameAs":["https:\/\/www.facebook.com\/Manganese-X-Energy-Corp-102953664741689\/","https:\/\/x.com\/XManganese","https:\/\/www.linkedin.com\/company\/manganese-x-energy-corp","https:\/\/www.youtube.com\/channel\/UC3LFYdP23ZUX10xTUXmpIHA"]}]}},"_links":{"self":[{"href":"https:\/\/www.manganesexenergycorp.com\/de\/wp-json\/wp\/v2\/pages\/993","targetHints":{"allow":["GET"]}}],"collection":[{"href":"https:\/\/www.manganesexenergycorp.com\/de\/wp-json\/wp\/v2\/pages"}],"about":[{"href":"https:\/\/www.manganesexenergycorp.com\/de\/wp-json\/wp\/v2\/types\/page"}],"author":[{"embeddable":true,"href":"https:\/\/www.manganesexenergycorp.com\/de\/wp-json\/wp\/v2\/users\/1"}],"replies":[{"embeddable":true,"href":"https:\/\/www.manganesexenergycorp.com\/de\/wp-json\/wp\/v2\/comments?post=993"}],"version-history":[{"count":0,"href":"https:\/\/www.manganesexenergycorp.com\/de\/wp-json\/wp\/v2\/pages\/993\/revisions"}],"up":[{"embeddable":true,"href":"https:\/\/www.manganesexenergycorp.com\/de\/wp-json\/wp\/v2\/pages\/379"}],"wp:attachment":[{"href":"https:\/\/www.manganesexenergycorp.com\/de\/wp-json\/wp\/v2\/media?parent=993"}],"curies":[{"name":"wp","href":"https:\/\/api.w.org\/{rel}","templated":true}]}}